{"id":1624,"date":"2022-05-04T16:42:39","date_gmt":"2022-05-04T16:42:39","guid":{"rendered":"https:\/\/plasticseurope.wpenginepowered.com\/de\/?page_id=1624"},"modified":"2023-12-11T13:37:30","modified_gmt":"2023-12-11T13:37:30","slug":"kunststoff-und-schule","status":"publish","type":"page","link":"https:\/\/plasticseurope.org\/de\/uber-uns\/kunststoff-und-schule\/","title":{"rendered":"Kunststoff und Schule"},"content":{"rendered":"\n<p class=\"has-large-font-size\">PlasticsEurope Deutschland e. V. bietet verschiedene Materialien f\u00fcr Schulen an, so unter anderem einen Experimentierkasten f\u00fcr Grundschulen und ein Schulbuch.<\/p>\n\n\n\n<div style=\"height:48px\" aria-hidden=\"true\" class=\"wp-block-spacer\"><\/div>\n\n\n\n<h2 class=\"wp-block-heading\">Materialien f\u00fcr Grundschulen und weiterf\u00fchrende Schulen<\/h2>\n\n\n\n<p>Der Verband der Kunststofferzeuger bietet f\u00fcr Schulen unterschiedliche Lehrmittel an.\u00a0Dazu geh\u00f6rt <mark style=\"background-color:#FFFFFF\" class=\"has-inline-color has-sky-color\"><strong><a href=\"https:\/\/plasticseurope.org\/de\/uber-uns\/kunststoff-und-schule\/schulbuch-kunststoffe-werkstoffe-unserer-zeit\/\">&#8222;Kunos coole Kunststoff-Kiste&#8220;<\/a><\/strong><\/mark>. Dieser Experimentierkoffer f\u00fcr Kinder zwischen sechs und zehn Jahren geht schon seit 2001 an deutsche Schulen. &#8222;Kunos coole Kunststoff-Kiste&#8220; ist ein wichtiger Baustein zur naturwissenschaftlichen Bildung im Grundschulalter. Fast alle Experimente k\u00f6nnen die Sch\u00fclerinnen und Sch\u00fcler unter Anleitung selbst durchf\u00fchren.<br><br>Bew\u00e4hrt hat sich auch das Sekundarstufenbuch\u00a0<strong><mark style=\"background-color:#FFFFFF\" class=\"has-inline-color has-jade-color\"><a href=\"https:\/\/plasticseurope.org\/de\/uber-uns\/kunststoff-und-schule\/schulbuch-kunststoffe-werkstoffe-unserer-zeit\/\">&#8222;Kunststoffe \u2013 Werkstoffe unserer Zeit<\/a><\/mark><\/strong>&#8222;. Das Buch betrachtet die Kunststoffe aus der Sicht eines f\u00e4cher\u00fcbergreifenden Unterrichts.<\/p>\n\n\n\n<p><br>Mithilfe der\u00a0<strong><mark style=\"background-color:#FFFFFF\" class=\"has-inline-color has-satsuma-color\"><a href=\"https:\/\/plasticseurope.org\/de\/uber-uns\/kunststoff-und-schule\/probensammlung\/\">Probensammlung<\/a><\/mark><\/strong>\u00a0k\u00f6nnen verschiedene im Lehrbuch &#8222;Kunststoffe &#8211; Werkstoffe unserer Zeit&#8220; beschriebene Versuche schnell und einfach durchgef\u00fchrt werden.<\/p>\n","protected":false},"excerpt":{"rendered":"<p>PlasticsEurope Deutschland e. V. bietet verschiedene Materialien f\u00fcr Schulen an, so unter anderem einen Experimentierkasten f\u00fcr Grundschulen und ein Schulbuch. Materialien f\u00fcr Grundschulen und weiterf\u00fchrende Schulen Der Verband der Kunststofferzeuger bietet f\u00fcr Schulen unterschiedliche Lehrmittel an.\u00a0Dazu geh\u00f6rt &#8222;Kunos coole Kunststoff-Kiste&#8220;. Dieser Experimentierkoffer f\u00fcr Kinder zwischen sechs und zehn Jahren geht schon seit 2001 an deutsche [&hellip;]<\/p>\n","protected":false},"author":30,"featured_media":1632,"parent":56,"menu_order":0,"comment_status":"closed","ping_status":"closed","template":"","meta":{"footnotes":""},"class_list":["post-1624","page","type-page","status-publish","has-post-thumbnail","hentry"],"acf":[],"yoast_head":"<!-- This site is optimized with the Yoast SEO plugin v21.6 - https:\/\/yoast.com\/wordpress\/plugins\/seo\/ -->\n<title>Kunststoff und Schule - Plastics Europe DE<\/title>\n<meta name=\"robots\" content=\"index, follow, max-snippet:-1, max-image-preview:large, max-video-preview:-1\" \/>\n<link rel=\"canonical\" href=\"https:\/\/plasticseurope.org\/de\/uber-uns\/kunststoff-und-schule\/\" \/>\n<meta property=\"og:locale\" content=\"de_DE\" \/>\n<meta property=\"og:type\" content=\"article\" \/>\n<meta property=\"og:title\" content=\"Kunststoff und Schule - Plastics Europe DE\" \/>\n<meta property=\"og:description\" content=\"PlasticsEurope Deutschland e. V. bietet verschiedene Materialien f\u00fcr Schulen an, so unter anderem einen Experimentierkasten f\u00fcr Grundschulen und ein Schulbuch. Materialien f\u00fcr Grundschulen und weiterf\u00fchrende Schulen Der Verband der Kunststofferzeuger bietet f\u00fcr Schulen unterschiedliche Lehrmittel an.\u00a0Dazu geh\u00f6rt &#8222;Kunos coole Kunststoff-Kiste&#8220;. Dieser Experimentierkoffer f\u00fcr Kinder zwischen sechs und zehn Jahren geht schon seit 2001 an deutsche [&hellip;]\" \/>\n<meta property=\"og:url\" content=\"https:\/\/plasticseurope.org\/de\/uber-uns\/kunststoff-und-schule\/\" \/>\n<meta property=\"og:site_name\" content=\"Plastics Europe DE\" \/>\n<meta property=\"article:modified_time\" content=\"2023-12-11T13:37:30+00:00\" \/>\n<meta property=\"og:image\" content=\"https:\/\/plasticseurope.org\/de\/wp-content\/uploads\/sites\/3\/2022\/05\/Schueler-Header-scaled.jpg\" \/>\n\t<meta property=\"og:image:width\" content=\"2560\" \/>\n\t<meta property=\"og:image:height\" content=\"604\" \/>\n\t<meta property=\"og:image:type\" content=\"image\/jpeg\" \/>\n<meta name=\"twitter:card\" content=\"summary_large_image\" \/>\n<meta name=\"twitter:label1\" content=\"Gesch\u00e4tzte Lesezeit\" \/>\n\t<meta name=\"twitter:data1\" content=\"1 Minute\" \/>\n<script type=\"application\/ld+json\" class=\"yoast-schema-graph\">{\"@context\":\"https:\/\/schema.org\",\"@graph\":[{\"@type\":\"WebPage\",\"@id\":\"https:\/\/plasticseurope.org\/de\/uber-uns\/kunststoff-und-schule\/\",\"url\":\"https:\/\/plasticseurope.org\/de\/uber-uns\/kunststoff-und-schule\/\",\"name\":\"Kunststoff und Schule - Plastics Europe DE\",\"isPartOf\":{\"@id\":\"https:\/\/plasticseurope.org\/de\/#website\"},\"datePublished\":\"2022-05-04T16:42:39+00:00\",\"dateModified\":\"2023-12-11T13:37:30+00:00\",\"breadcrumb\":{\"@id\":\"https:\/\/plasticseurope.org\/de\/uber-uns\/kunststoff-und-schule\/#breadcrumb\"},\"inLanguage\":\"de-DE\",\"potentialAction\":[{\"@type\":\"ReadAction\",\"target\":[\"https:\/\/plasticseurope.org\/de\/uber-uns\/kunststoff-und-schule\/\"]}]},{\"@type\":\"BreadcrumbList\",\"@id\":\"https:\/\/plasticseurope.org\/de\/uber-uns\/kunststoff-und-schule\/#breadcrumb\",\"itemListElement\":[{\"@type\":\"ListItem\",\"position\":1,\"name\":\"Home\",\"item\":\"https:\/\/plasticseurope.org\/de\/\"},{\"@type\":\"ListItem\",\"position\":2,\"name\":\"\u00dcber uns\",\"item\":\"https:\/\/plasticseurope.org\/de\/uber-uns\/\"},{\"@type\":\"ListItem\",\"position\":3,\"name\":\"Kunststoff und Schule\"}]},{\"@type\":\"WebSite\",\"@id\":\"https:\/\/plasticseurope.org\/de\/#website\",\"url\":\"https:\/\/plasticseurope.org\/de\/\",\"name\":\"Plastics Europe DE\",\"description\":\"Enabling a sustainable future\",\"potentialAction\":[{\"@type\":\"SearchAction\",\"target\":{\"@type\":\"EntryPoint\",\"urlTemplate\":\"https:\/\/plasticseurope.org\/de\/?s={search_term_string}\"},\"query-input\":\"required name=search_term_string\"}],\"inLanguage\":\"de-DE\"}]}<\/script>\n<!-- \/ Yoast SEO plugin. -->","yoast_head_json":{"title":"Kunststoff und Schule - Plastics Europe DE","robots":{"index":"index","follow":"follow","max-snippet":"max-snippet:-1","max-image-preview":"max-image-preview:large","max-video-preview":"max-video-preview:-1"},"canonical":"https:\/\/plasticseurope.org\/de\/uber-uns\/kunststoff-und-schule\/","og_locale":"de_DE","og_type":"article","og_title":"Kunststoff und Schule - Plastics Europe DE","og_description":"PlasticsEurope Deutschland e. V. bietet verschiedene Materialien f\u00fcr Schulen an, so unter anderem einen Experimentierkasten f\u00fcr Grundschulen und ein Schulbuch. Materialien f\u00fcr Grundschulen und weiterf\u00fchrende Schulen Der Verband der Kunststofferzeuger bietet f\u00fcr Schulen unterschiedliche Lehrmittel an.\u00a0Dazu geh\u00f6rt &#8222;Kunos coole Kunststoff-Kiste&#8220;. Dieser Experimentierkoffer f\u00fcr Kinder zwischen sechs und zehn Jahren geht schon seit 2001 an deutsche [&hellip;]","og_url":"https:\/\/plasticseurope.org\/de\/uber-uns\/kunststoff-und-schule\/","og_site_name":"Plastics Europe DE","article_modified_time":"2023-12-11T13:37:30+00:00","og_image":[{"width":2560,"height":604,"url":"https:\/\/plasticseurope.org\/de\/wp-content\/uploads\/sites\/3\/2022\/05\/Schueler-Header-scaled.jpg","type":"image\/jpeg"}],"twitter_card":"summary_large_image","twitter_misc":{"Gesch\u00e4tzte Lesezeit":"1 Minute"},"schema":{"@context":"https:\/\/schema.org","@graph":[{"@type":"WebPage","@id":"https:\/\/plasticseurope.org\/de\/uber-uns\/kunststoff-und-schule\/","url":"https:\/\/plasticseurope.org\/de\/uber-uns\/kunststoff-und-schule\/","name":"Kunststoff und Schule - Plastics Europe DE","isPartOf":{"@id":"https:\/\/plasticseurope.org\/de\/#website"},"datePublished":"2022-05-04T16:42:39+00:00","dateModified":"2023-12-11T13:37:30+00:00","breadcrumb":{"@id":"https:\/\/plasticseurope.org\/de\/uber-uns\/kunststoff-und-schule\/#breadcrumb"},"inLanguage":"de-DE","potentialAction":[{"@type":"ReadAction","target":["https:\/\/plasticseurope.org\/de\/uber-uns\/kunststoff-und-schule\/"]}]},{"@type":"BreadcrumbList","@id":"https:\/\/plasticseurope.org\/de\/uber-uns\/kunststoff-und-schule\/#breadcrumb","itemListElement":[{"@type":"ListItem","position":1,"name":"Home","item":"https:\/\/plasticseurope.org\/de\/"},{"@type":"ListItem","position":2,"name":"\u00dcber uns","item":"https:\/\/plasticseurope.org\/de\/uber-uns\/"},{"@type":"ListItem","position":3,"name":"Kunststoff und Schule"}]},{"@type":"WebSite","@id":"https:\/\/plasticseurope.org\/de\/#website","url":"https:\/\/plasticseurope.org\/de\/","name":"Plastics Europe DE","description":"Enabling a sustainable future","potentialAction":[{"@type":"SearchAction","target":{"@type":"EntryPoint","urlTemplate":"https:\/\/plasticseurope.org\/de\/?s={search_term_string}"},"query-input":"required name=search_term_string"}],"inLanguage":"de-DE"}]}},"_links":{"self":[{"href":"https:\/\/plasticseurope.org\/de\/wp-json\/wp\/v2\/pages\/1624","targetHints":{"allow":["GET"]}}],"collection":[{"href":"https:\/\/plasticseurope.org\/de\/wp-json\/wp\/v2\/pages"}],"about":[{"href":"https:\/\/plasticseurope.org\/de\/wp-json\/wp\/v2\/types\/page"}],"author":[{"embeddable":true,"href":"https:\/\/plasticseurope.org\/de\/wp-json\/wp\/v2\/users\/30"}],"replies":[{"embeddable":true,"href":"https:\/\/plasticseurope.org\/de\/wp-json\/wp\/v2\/comments?post=1624"}],"version-history":[{"count":0,"href":"https:\/\/plasticseurope.org\/de\/wp-json\/wp\/v2\/pages\/1624\/revisions"}],"up":[{"embeddable":true,"href":"https:\/\/plasticseurope.org\/de\/wp-json\/wp\/v2\/pages\/56"}],"wp:featuredmedia":[{"embeddable":true,"href":"https:\/\/plasticseurope.org\/de\/wp-json\/wp\/v2\/media\/1632"}],"wp:attachment":[{"href":"https:\/\/plasticseurope.org\/de\/wp-json\/wp\/v2\/media?parent=1624"}],"curies":[{"name":"wp","href":"https:\/\/api.w.org\/{rel}","templated":true}]}}