{"id":1257,"date":"2022-02-22T10:11:02","date_gmt":"2022-02-22T10:11:02","guid":{"rendered":"https:\/\/plasticseurope.wpenginepowered.com\/de\/?page_id=1257"},"modified":"2023-11-08T13:17:34","modified_gmt":"2023-11-08T13:17:34","slug":"kreislaufwirtschaft","status":"publish","type":"page","link":"https:\/\/plasticseurope.org\/de\/nachhaltigkeit\/kreislaufwirtschaft\/","title":{"rendered":"Kreislaufwirtschaft"},"content":{"rendered":"\n<p class=\"has-large-font-size\">Bei unserem Leitprinzip der Kreislaufwirtschaft geht es darum, Kunststoff als wertvolle Ressource zu verstehen, die konsequent im Kreislauf gef\u00fchrt und nach ihrer Nutzung nicht zu Abfall wird.<\/p>\n\n\n\n<div style=\"height:48px\" aria-hidden=\"true\" class=\"wp-block-spacer\"><\/div>\n\n\n\n<h2 class=\"wp-block-heading\" id=\"auf-dem-wegzur-kreislaufwirtschaft-fur-kunststoffe\">Auf dem Weg zur Kreislaufwirtschaft f\u00fcr Kunststoffe<\/h2>\n\n\n\n<p>Der \u00dcbergang zur Kreislaufwirtschaft ist von grundlegender Bedeutung. Um diesen Wandel zu vollziehen, treiben wir Innovationen und <a href=\"https:\/\/plasticseurope.org\/de\/2023\/05\/11\/kunststoffindustrie-fordert-mehr-tempo-bei-der-transformation\/\">Investitionen in modernste Technologien<\/a> voran. Und wir erh\u00f6hen die Wiederverwendung und das Recycling signifikant, indem wir beispielsweise mehr wiederverwertbare Produkte und weitere <a href=\"https:\/\/plasticseurope.org\/de\/nachhaltigkeit\/kreislaufwirtschaft\/recycling\/chemisches-recycling\/\">innovative Recyclingtechnologien<\/a> entwickeln. Die Transformation unserer Industrie in Richtung Nachhaltigkeiterfordert auch politische und rechtliche Rahmenbedingungen, die unsere Mission unterst\u00fctzen. Sie k\u00f6nnen etwa bei der chemischen Verwertung, der einheitlichen Sammlung und Sortierung sowie der <a href=\"https:\/\/plasticseurope.org\/de\/nachhaltigkeit\/kreislaufwirtschaft\/recycling\/mechanisches-recycling\/\">werkstofflichen Verwertung<\/a> von Kunststoffen ansetzen. Und die Politik kann aktiv das Wachstum der M\u00e4rkte f\u00fcr sekund\u00e4re Rohstoffe aus Kunststoffabf\u00e4llen f\u00f6rdern.<\/p>\n\n\n\n<p>Die Kreislaufwirtschaft ist die ideale L\u00f6sung, um die Entsorgung von Kunststoffabf\u00e4llen auf Deponien, ihre Verbrennung und vor allem ihre Eintr\u00e4ge in die Umwelt wie etwa in unsere Meere zu verringern. Dar\u00fcber hinaus unternimmt die Kunststoffindustrie zus\u00e4tzliche Ma\u00dfnahmen. Dazu geh\u00f6rt die Vermeidung von <a href=\"https:\/\/plasticseurope.org\/de\/nachhaltigkeit\/kreislaufwirtschaft\/abfallmanagement-und-abfallvermeidung\/vermeidung-von-pelletverlusten\/\">Pellet-Verlusten <\/a>in unseren Betriebsprozessen und die Sicherstellung einer ordnungsgem\u00e4\u00dfen Entsorgung von Verbraucherabf\u00e4llen aus Kunststoff zur verbesserten Sammlung und Sortierung.<\/p>\n\n\n\n<p>Bei der <a href=\"https:\/\/plasticseurope.org\/de\/2023\/09\/06\/pressemitteilung\/\">Kreislaufwirtschaft <\/a>f\u00fcr Kunststoffe geht es aber nicht allein um Abf\u00e4lle und Recycling. Wir denken ganzheitlich im Kreislauf und koppeln daher auch unsere Produktion mehr und mehr vom <a href=\"https:\/\/plasticseurope.org\/de\/2023\/10\/26\/plastics-transition-roadmap\/\">Verbrauch fossiler Rohstoffe ab<\/a> \u2013deshalb setzen wir auf alternative und erneuerbare Rohstoffe.<\/p>\n\n\n\n<div style=\"height:48px\" aria-hidden=\"true\" class=\"wp-block-spacer\"><\/div>\n\n\n\n<div style=\"height:48px\" aria-hidden=\"true\" class=\"wp-block-spacer\"><\/div>\n\n\n\n<figure id=\"embed-block_de1edde366d599aef87a7662fcca1040\" class=\"pe-video-embed\">\n  <div class=\"embed-container\">\n    <iframe loading=\"lazy\" title=\"Plastics \u2013 too valuable to throw away (www.plasticseurope.org)\" width=\"640\" height=\"360\" src=\"https:\/\/www.youtube.com\/embed\/72lFyzpoIHU?feature=oembed\" frameborder=\"0\" allow=\"accelerometer; autoplay; clipboard-write; encrypted-media; gyroscope; picture-in-picture; web-share\" referrerpolicy=\"strict-origin-when-cross-origin\" allowfullscreen><\/iframe>    <div class=\"image-wrapper absolute inset-0 transition-opacity duration-200 bg-satsuma-900\">\n      <img loading=\"lazy\" decoding=\"async\" width=\"1200\" height=\"410\" src=\"https:\/\/plasticseurope.org\/de\/wp-content\/uploads\/sites\/3\/2022\/02\/MRC-header2.png\" class=\"overlay-image relative h-full w-full object-cover\" alt=\"\" srcset=\"https:\/\/plasticseurope.org\/de\/wp-content\/uploads\/sites\/3\/2022\/02\/MRC-header2.png 1200w, https:\/\/plasticseurope.org\/de\/wp-content\/uploads\/sites\/3\/2022\/02\/MRC-header2-300x103.png 300w, https:\/\/plasticseurope.org\/de\/wp-content\/uploads\/sites\/3\/2022\/02\/MRC-header2-1024x350.png 1024w, https:\/\/plasticseurope.org\/de\/wp-content\/uploads\/sites\/3\/2022\/02\/MRC-header2-768x262.png 768w\" sizes=\"auto, (max-width: 1200px) 100vw, 1200px\" \/>      <div class=\"absolute inset-0 bg-gray-600 mix-blend-multiply\"><\/div>\n      <div class=\"absolute inset-0 flex items-center justify-center\">\n        <div class=\"relative max-w-2xl mx-auto px-4 py-8 sm:px-6 sm:py-24 lg:py-32 lg:px-8\">\n          <h2 class=\"text-lg lg:text-xl xl:text-2xl text-satsuma-900 text-center\">Kunststoffe\u2013zum Wegwerfen zu wertvoll<\/h2>\n                    <p class=\"hidden md:block mt-2 lg:mt-6 text-center text-white md:text-lg\">\n                      <\/p>\n          <div class=\"md:mt-6 max-w-sm mx-auto md:max-w-none flex justify-center\">\n            <button class=\"play-video flex items-center justify-center\">\n              <svg class=\"h-6 w-6 md:h-12 md:w-12 text-white\" xmlns=\"http:\/\/www.w3.org\/2000\/svg\" xmlns:xlink=\"http:\/\/www.w3.org\/1999\/xlink\" width=\"36\" height=\"36\" viewBox=\"0 0 36 36\">\n                <defs>\n                  <clipPath id=\"clip-path\">\n                    <path id=\"Path_11\" data-name=\"Path 11\" d=\"M1.636-14.455A.773.773,0,0,1,2.1-14.3l.021.017,8.437,6.135,0,0,.012.009a.773.773,0,0,1,.343.641.773.773,0,0,1-.347.644L2.1-.7a.773.773,0,0,1-.459.151.773.773,0,0,1-.773-.773V-13.682A.773.773,0,0,1,1.636-14.455Z\" fill=\"currentColor\" clip-rule=\"evenodd\"\/>\n                  <\/clipPath>\n                  <clipPath id=\"clip-path-2\">\n                    <path id=\"Path_10\" data-name=\"Path 10\" d=\"M-255,674H1185V-346H-255Z\" fill=\"currentColor\"\/>\n                  <\/clipPath>\n                <\/defs>\n                <g fill=\"none\" stroke=\"currentColor\" stroke-linecap=\"round\" stroke-miterlimit=\"10\" stroke-width=\"2\">\n                  <rect width=\"36\" height=\"36\" rx=\"18\" stroke=\"none\"\/>\n                  <rect x=\"1\" y=\"1\" width=\"34\" height=\"34\" rx=\"17\" fill=\"none\"\/>\n                <\/g>\n                <g data-name=\"Group \" transform=\"translate(12.637 25.455)\">\n                  <g clip-path=\"url(#clip-path)\">\n                    <g clip-path=\"url(#clip-path-2)\">\n                      <path d=\"M-4.136,4.455H15.909V-19.455H-4.136Z\" fill=\"currentColor\"\/>\n                    <\/g>\n                  <\/g>\n                <\/g>\n              <\/svg>\n            <\/button>\n          <\/div>\n        <\/div>\n      <\/div>\n    <\/div>\n  <\/div>\n<\/figure>\n\n\n\n<div style=\"height:48px\" aria-hidden=\"true\" class=\"wp-block-spacer is-style-large\"><\/div>\n\n\n\n<h2 class=\"wp-block-heading\">Verwandte Themen<\/h2>\n\n\n\n<div class=\"wp-block-columns is-layout-flex wp-container-core-columns-is-layout-28f84493 wp-block-columns-is-layout-flex\">\n<div class=\"wp-block-column is-layout-flow wp-block-column-is-layout-flow\">\n<figure class=\"wp-block-image size-large\"><a href=\"https:\/\/plasticseurope.org\/de\/nachhaltigkeit\/kreislaufwirtschaft\/abfallmanagement-und-abfallvermeidung\/\"><img loading=\"lazy\" decoding=\"async\" width=\"1024\" height=\"683\" src=\"https:\/\/plasticseurope.org\/de\/wp-content\/uploads\/sites\/3\/2022\/02\/sustainable-circular-economy-plastic-1024x683.jpg\" alt=\"\" class=\"wp-image-1091\" srcset=\"https:\/\/plasticseurope.org\/de\/wp-content\/uploads\/sites\/3\/2022\/02\/sustainable-circular-economy-plastic-1024x683.jpg 1024w, https:\/\/plasticseurope.org\/de\/wp-content\/uploads\/sites\/3\/2022\/02\/sustainable-circular-economy-plastic-300x200.jpg 300w, https:\/\/plasticseurope.org\/de\/wp-content\/uploads\/sites\/3\/2022\/02\/sustainable-circular-economy-plastic-768x512.jpg 768w, https:\/\/plasticseurope.org\/de\/wp-content\/uploads\/sites\/3\/2022\/02\/sustainable-circular-economy-plastic-1536x1024.jpg 1536w, https:\/\/plasticseurope.org\/de\/wp-content\/uploads\/sites\/3\/2022\/02\/sustainable-circular-economy-plastic-2048x1365.jpg 2048w\" sizes=\"auto, (max-width: 1024px) 100vw, 1024px\" \/><\/a><\/figure>\n\n\n\n<div style=\"height:16px\" aria-hidden=\"true\" class=\"wp-block-spacer is-style-small\"><\/div>\n\n\n\n<h3 class=\"wp-block-heading\"><a href=\"https:\/\/plasticseurope.org\/de\/nachhaltigkeit\/kreislaufwirtschaft\/abfallmanagement-und-abfallvermeidung\/\">Abfallmanagement<\/a><\/h3>\n\n\n\n<ul class=\"wp-block-list\">\n<li><a href=\"https:\/\/plasticseurope.org\/de\/nachhaltigkeit\/kreislaufwirtschaft\/abfallmanagement-und-abfallvermeidung\/abfallsammlung-und-sortierung\/\">Abfallsammlung und Sortierung<\/a><\/li>\n\n\n\n<li><a href=\"https:\/\/plasticseurope.org\/de\/nachhaltigkeit\/kreislaufwirtschaft\/abfallmanagement-und-abfallvermeidung\/lebensmittelverschwendung-vorbeugen\/\">Lebensmittelverschwendung vorbeugen<\/a><\/li>\n\n\n\n<li><a href=\"https:\/\/plasticseurope.org\/de\/nachhaltigkeit\/kreislaufwirtschaft\/abfallmanagement-und-abfallvermeidung\/plastikmuell-in-den-meeren\/\">Plastikm\u00fcll in den Meeren<\/a><\/li>\n\n\n\n<li><a href=\"https:\/\/plasticseurope.org\/de\/nachhaltigkeit\/kreislaufwirtschaft\/abfallmanagement-und-abfallvermeidung\/vermeidung-von-pelletverlusten\/\">Vermeidung von Pellet-Verlusten<\/a><\/li>\n<\/ul>\n<\/div>\n\n\n\n<div class=\"wp-block-column is-layout-flow wp-block-column-is-layout-flow\">\n<figure class=\"wp-block-image size-large\"><a href=\"https:\/\/plasticseurope.org\/de\/nachhaltigkeit\/kreislaufwirtschaft\/recycling\/\"><img loading=\"lazy\" decoding=\"async\" width=\"1024\" height=\"678\" src=\"https:\/\/plasticseurope.org\/de\/wp-content\/uploads\/sites\/3\/2022\/04\/YDRAY-Hand-with-shredded-plastic-waste-1024x678.jpg\" alt=\"Hand-with-shredded-plastic-waste\" class=\"wp-image-1534\" style=\"aspect-ratio:1.5103244837758112;object-fit:cover\" srcset=\"https:\/\/plasticseurope.org\/de\/wp-content\/uploads\/sites\/3\/2022\/04\/YDRAY-Hand-with-shredded-plastic-waste-1024x678.jpg 1024w, https:\/\/plasticseurope.org\/de\/wp-content\/uploads\/sites\/3\/2022\/04\/YDRAY-Hand-with-shredded-plastic-waste-300x199.jpg 300w, https:\/\/plasticseurope.org\/de\/wp-content\/uploads\/sites\/3\/2022\/04\/YDRAY-Hand-with-shredded-plastic-waste-768x509.jpg 768w, https:\/\/plasticseurope.org\/de\/wp-content\/uploads\/sites\/3\/2022\/04\/YDRAY-Hand-with-shredded-plastic-waste-1536x1017.jpg 1536w, https:\/\/plasticseurope.org\/de\/wp-content\/uploads\/sites\/3\/2022\/04\/YDRAY-Hand-with-shredded-plastic-waste-2048x1356.jpg 2048w, https:\/\/plasticseurope.org\/de\/wp-content\/uploads\/sites\/3\/2022\/04\/YDRAY-Hand-with-shredded-plastic-waste-1980x1311.jpg 1980w\" sizes=\"auto, (max-width: 1024px) 100vw, 1024px\" \/><\/a><\/figure>\n\n\n\n<div style=\"height:16px\" aria-hidden=\"true\" class=\"wp-block-spacer is-style-small\"><\/div>\n\n\n\n<h3 class=\"wp-block-heading\"><a href=\"https:\/\/plasticseurope.org\/de\/nachhaltigkeit\/kreislaufwirtschaft\/recycling\/\">Recycling<\/a><\/h3>\n\n\n\n<ul class=\"wp-block-list\">\n<li><a href=\"https:\/\/plasticseurope.org\/de\/nachhaltigkeit\/kreislaufwirtschaft\/recycling\/rezyklateinsatz\/\">Recyklateinsatzquoten<\/a><\/li>\n\n\n\n<li><a href=\"https:\/\/plasticseurope.org\/de\/nachhaltigkeit\/kreislaufwirtschaft\/recycling\/mechanisches-recycling\/\">Mechanisches Recycling<\/a><\/li>\n\n\n\n<li><a href=\"https:\/\/plasticseurope.org\/de\/nachhaltigkeit\/kreislaufwirtschaft\/recycling\/chemisches-recycling\/\">Chemisches Recycling<\/a><\/li>\n\n\n\n<li><a href=\"https:\/\/plasticseurope.org\/de\/nachhaltigkeit\/kreislaufwirtschaft\/recycling\/kein-plastik-auf-der-mulldeponie\/\">Deponierungsverbot<\/a><\/li>\n<\/ul>\n<\/div>\n\n\n\n<div class=\"wp-block-column is-layout-flow wp-block-column-is-layout-flow\">\n<figure class=\"wp-block-image size-large\"><a href=\"https:\/\/plasticseurope.org\/de\/nachhaltigkeit\/kreislaufwirtschaft\/life-cycle-thinking\/\"><img loading=\"lazy\" decoding=\"async\" width=\"1024\" height=\"683\" src=\"https:\/\/plasticseurope.org\/de\/wp-content\/uploads\/sites\/3\/2022\/02\/shutterstock_WomanGreenLunch622381637-1024x683.jpg\" alt=\"Kunststoffverpackungen helfen Lebensmittelverschwendung vorzubeugen\" class=\"wp-image-1146\" srcset=\"https:\/\/plasticseurope.org\/de\/wp-content\/uploads\/sites\/3\/2022\/02\/shutterstock_WomanGreenLunch622381637-1024x683.jpg 1024w, https:\/\/plasticseurope.org\/de\/wp-content\/uploads\/sites\/3\/2022\/02\/shutterstock_WomanGreenLunch622381637-300x200.jpg 300w, https:\/\/plasticseurope.org\/de\/wp-content\/uploads\/sites\/3\/2022\/02\/shutterstock_WomanGreenLunch622381637-768x513.jpg 768w, https:\/\/plasticseurope.org\/de\/wp-content\/uploads\/sites\/3\/2022\/02\/shutterstock_WomanGreenLunch622381637-1536x1025.jpg 1536w, https:\/\/plasticseurope.org\/de\/wp-content\/uploads\/sites\/3\/2022\/02\/shutterstock_WomanGreenLunch622381637-2048x1367.jpg 2048w\" sizes=\"auto, (max-width: 1024px) 100vw, 1024px\" \/><\/a><\/figure>\n\n\n\n<div style=\"height:16px\" aria-hidden=\"true\" class=\"wp-block-spacer is-style-small\"><\/div>\n\n\n\n<h3 class=\"wp-block-heading\"><a href=\"https:\/\/www1.wdr.de\/nachrichten\/abschaffen-oder-recyclen-un-konferenz-beraet-ueber-plastikabkommen-100.html\">Life-Cycle Thinking<\/a><\/h3>\n\n\n\n<ul class=\"wp-block-list\">\n<li><a href=\"https:\/\/plasticseurope.org\/de\/nachhaltigkeit\/kreislaufwirtschaft\/life-cycle-thinking\/oekobilanz\/\">\u00d6kobilanz von Kunststoffen<\/a><\/li>\n\n\n\n<li><a href=\"https:\/\/plasticseurope.org\/de\/nachhaltigkeit\/kreislaufwirtschaft\/life-cycle-thinking\/oekoprofile\/\">\u00d6koprofile von Kunststoffen<\/a><\/li>\n<\/ul>\n<\/div>\n<\/div>\n\n\n\n<div style=\"height:48px\" aria-hidden=\"true\" class=\"wp-block-spacer is-style-small\"><\/div>\n","protected":false},"excerpt":{"rendered":"<p>Bei unserem Leitprinzip der Kreislaufwirtschaft geht es darum, Kunststoff als wertvolle Ressource zu verstehen, die konsequent im Kreislauf gef\u00fchrt und nach ihrer Nutzung nicht zu Abfall wird. Auf dem Weg zur Kreislaufwirtschaft f\u00fcr Kunststoffe Der \u00dcbergang zur Kreislaufwirtschaft ist von grundlegender Bedeutung. Um diesen Wandel zu vollziehen, treiben wir Innovationen und Investitionen in modernste Technologien [&hellip;]<\/p>\n","protected":false},"author":1,"featured_media":990,"parent":52,"menu_order":0,"comment_status":"closed","ping_status":"closed","template":"","meta":{"footnotes":""},"class_list":["post-1257","page","type-page","status-publish","has-post-thumbnail","hentry"],"acf":[],"yoast_head":"<!-- This site is optimized with the Yoast SEO plugin v21.6 - https:\/\/yoast.com\/wordpress\/plugins\/seo\/ -->\n<title>Kreislaufwirtschaft - Plastics Europe DE<\/title>\n<meta name=\"robots\" content=\"index, follow, max-snippet:-1, max-image-preview:large, max-video-preview:-1\" \/>\n<link rel=\"canonical\" href=\"https:\/\/plasticseurope.org\/de\/nachhaltigkeit\/kreislaufwirtschaft\/\" \/>\n<meta property=\"og:locale\" content=\"de_DE\" \/>\n<meta property=\"og:type\" content=\"article\" \/>\n<meta property=\"og:title\" content=\"Kreislaufwirtschaft - Plastics Europe DE\" \/>\n<meta property=\"og:description\" content=\"Bei unserem Leitprinzip der Kreislaufwirtschaft geht es darum, Kunststoff als wertvolle Ressource zu verstehen, die konsequent im Kreislauf gef\u00fchrt und nach ihrer Nutzung nicht zu Abfall wird. Auf dem Weg zur Kreislaufwirtschaft f\u00fcr Kunststoffe Der \u00dcbergang zur Kreislaufwirtschaft ist von grundlegender Bedeutung. Um diesen Wandel zu vollziehen, treiben wir Innovationen und Investitionen in modernste Technologien [&hellip;]\" \/>\n<meta property=\"og:url\" content=\"https:\/\/plasticseurope.org\/de\/nachhaltigkeit\/kreislaufwirtschaft\/\" \/>\n<meta property=\"og:site_name\" content=\"Plastics Europe DE\" \/>\n<meta property=\"article:modified_time\" content=\"2023-11-08T13:17:34+00:00\" \/>\n<meta property=\"og:image\" content=\"https:\/\/plasticseurope.org\/de\/wp-content\/uploads\/sites\/3\/2022\/02\/bioplastic-sustainable-coffee-cup-scaled.jpg\" \/>\n\t<meta property=\"og:image:width\" content=\"2560\" \/>\n\t<meta property=\"og:image:height\" content=\"1707\" \/>\n\t<meta property=\"og:image:type\" content=\"image\/jpeg\" \/>\n<meta name=\"twitter:card\" content=\"summary_large_image\" \/>\n<meta name=\"twitter:label1\" content=\"Gesch\u00e4tzte Lesezeit\" \/>\n\t<meta name=\"twitter:data1\" content=\"3 Minuten\" \/>\n<script type=\"application\/ld+json\" class=\"yoast-schema-graph\">{\"@context\":\"https:\/\/schema.org\",\"@graph\":[{\"@type\":\"WebPage\",\"@id\":\"https:\/\/plasticseurope.org\/de\/nachhaltigkeit\/kreislaufwirtschaft\/\",\"url\":\"https:\/\/plasticseurope.org\/de\/nachhaltigkeit\/kreislaufwirtschaft\/\",\"name\":\"Kreislaufwirtschaft - Plastics Europe DE\",\"isPartOf\":{\"@id\":\"https:\/\/plasticseurope.org\/de\/#website\"},\"datePublished\":\"2022-02-22T10:11:02+00:00\",\"dateModified\":\"2023-11-08T13:17:34+00:00\",\"breadcrumb\":{\"@id\":\"https:\/\/plasticseurope.org\/de\/nachhaltigkeit\/kreislaufwirtschaft\/#breadcrumb\"},\"inLanguage\":\"de-DE\",\"potentialAction\":[{\"@type\":\"ReadAction\",\"target\":[\"https:\/\/plasticseurope.org\/de\/nachhaltigkeit\/kreislaufwirtschaft\/\"]}]},{\"@type\":\"BreadcrumbList\",\"@id\":\"https:\/\/plasticseurope.org\/de\/nachhaltigkeit\/kreislaufwirtschaft\/#breadcrumb\",\"itemListElement\":[{\"@type\":\"ListItem\",\"position\":1,\"name\":\"Home\",\"item\":\"https:\/\/plasticseurope.org\/de\/\"},{\"@type\":\"ListItem\",\"position\":2,\"name\":\"Nachhaltigkeit\",\"item\":\"https:\/\/plasticseurope.org\/de\/nachhaltigkeit\/\"},{\"@type\":\"ListItem\",\"position\":3,\"name\":\"Kreislaufwirtschaft\"}]},{\"@type\":\"WebSite\",\"@id\":\"https:\/\/plasticseurope.org\/de\/#website\",\"url\":\"https:\/\/plasticseurope.org\/de\/\",\"name\":\"Plastics Europe DE\",\"description\":\"Enabling a sustainable future\",\"potentialAction\":[{\"@type\":\"SearchAction\",\"target\":{\"@type\":\"EntryPoint\",\"urlTemplate\":\"https:\/\/plasticseurope.org\/de\/?s={search_term_string}\"},\"query-input\":\"required name=search_term_string\"}],\"inLanguage\":\"de-DE\"}]}<\/script>\n<!-- \/ Yoast SEO plugin. -->","yoast_head_json":{"title":"Kreislaufwirtschaft - Plastics Europe DE","robots":{"index":"index","follow":"follow","max-snippet":"max-snippet:-1","max-image-preview":"max-image-preview:large","max-video-preview":"max-video-preview:-1"},"canonical":"https:\/\/plasticseurope.org\/de\/nachhaltigkeit\/kreislaufwirtschaft\/","og_locale":"de_DE","og_type":"article","og_title":"Kreislaufwirtschaft - Plastics Europe DE","og_description":"Bei unserem Leitprinzip der Kreislaufwirtschaft geht es darum, Kunststoff als wertvolle Ressource zu verstehen, die konsequent im Kreislauf gef\u00fchrt und nach ihrer Nutzung nicht zu Abfall wird. Auf dem Weg zur Kreislaufwirtschaft f\u00fcr Kunststoffe Der \u00dcbergang zur Kreislaufwirtschaft ist von grundlegender Bedeutung. Um diesen Wandel zu vollziehen, treiben wir Innovationen und Investitionen in modernste Technologien [&hellip;]","og_url":"https:\/\/plasticseurope.org\/de\/nachhaltigkeit\/kreislaufwirtschaft\/","og_site_name":"Plastics Europe DE","article_modified_time":"2023-11-08T13:17:34+00:00","og_image":[{"width":2560,"height":1707,"url":"https:\/\/plasticseurope.org\/de\/wp-content\/uploads\/sites\/3\/2022\/02\/bioplastic-sustainable-coffee-cup-scaled.jpg","type":"image\/jpeg"}],"twitter_card":"summary_large_image","twitter_misc":{"Gesch\u00e4tzte Lesezeit":"3 Minuten"},"schema":{"@context":"https:\/\/schema.org","@graph":[{"@type":"WebPage","@id":"https:\/\/plasticseurope.org\/de\/nachhaltigkeit\/kreislaufwirtschaft\/","url":"https:\/\/plasticseurope.org\/de\/nachhaltigkeit\/kreislaufwirtschaft\/","name":"Kreislaufwirtschaft - Plastics Europe DE","isPartOf":{"@id":"https:\/\/plasticseurope.org\/de\/#website"},"datePublished":"2022-02-22T10:11:02+00:00","dateModified":"2023-11-08T13:17:34+00:00","breadcrumb":{"@id":"https:\/\/plasticseurope.org\/de\/nachhaltigkeit\/kreislaufwirtschaft\/#breadcrumb"},"inLanguage":"de-DE","potentialAction":[{"@type":"ReadAction","target":["https:\/\/plasticseurope.org\/de\/nachhaltigkeit\/kreislaufwirtschaft\/"]}]},{"@type":"BreadcrumbList","@id":"https:\/\/plasticseurope.org\/de\/nachhaltigkeit\/kreislaufwirtschaft\/#breadcrumb","itemListElement":[{"@type":"ListItem","position":1,"name":"Home","item":"https:\/\/plasticseurope.org\/de\/"},{"@type":"ListItem","position":2,"name":"Nachhaltigkeit","item":"https:\/\/plasticseurope.org\/de\/nachhaltigkeit\/"},{"@type":"ListItem","position":3,"name":"Kreislaufwirtschaft"}]},{"@type":"WebSite","@id":"https:\/\/plasticseurope.org\/de\/#website","url":"https:\/\/plasticseurope.org\/de\/","name":"Plastics Europe DE","description":"Enabling a sustainable future","potentialAction":[{"@type":"SearchAction","target":{"@type":"EntryPoint","urlTemplate":"https:\/\/plasticseurope.org\/de\/?s={search_term_string}"},"query-input":"required name=search_term_string"}],"inLanguage":"de-DE"}]}},"_links":{"self":[{"href":"https:\/\/plasticseurope.org\/de\/wp-json\/wp\/v2\/pages\/1257","targetHints":{"allow":["GET"]}}],"collection":[{"href":"https:\/\/plasticseurope.org\/de\/wp-json\/wp\/v2\/pages"}],"about":[{"href":"https:\/\/plasticseurope.org\/de\/wp-json\/wp\/v2\/types\/page"}],"author":[{"embeddable":true,"href":"https:\/\/plasticseurope.org\/de\/wp-json\/wp\/v2\/users\/1"}],"replies":[{"embeddable":true,"href":"https:\/\/plasticseurope.org\/de\/wp-json\/wp\/v2\/comments?post=1257"}],"version-history":[{"count":0,"href":"https:\/\/plasticseurope.org\/de\/wp-json\/wp\/v2\/pages\/1257\/revisions"}],"up":[{"embeddable":true,"href":"https:\/\/plasticseurope.org\/de\/wp-json\/wp\/v2\/pages\/52"}],"wp:featuredmedia":[{"embeddable":true,"href":"https:\/\/plasticseurope.org\/de\/wp-json\/wp\/v2\/media\/990"}],"wp:attachment":[{"href":"https:\/\/plasticseurope.org\/de\/wp-json\/wp\/v2\/media?parent=1257"}],"curies":[{"name":"wp","href":"https:\/\/api.w.org\/{rel}","templated":true}]}}