{"id":1195,"date":"2022-02-16T07:38:46","date_gmt":"2022-02-16T07:38:46","guid":{"rendered":"https:\/\/plasticseurope.wpenginepowered.com\/de\/?page_id=1195"},"modified":"2023-08-22T06:52:16","modified_gmt":"2023-08-22T06:52:16","slug":"innovationen-fuer-die-zukunft","status":"publish","type":"page","link":"https:\/\/plasticseurope.org\/de\/nachhaltigkeit\/innovationen-fuer-die-zukunft\/","title":{"rendered":"Innovationen f\u00fcr die Zukunft"},"content":{"rendered":"\n<p class=\"has-large-font-size\">Die Entwicklung ebenso hochwertiger und leistungsstarker wie nachhaltiger Produkte ist eine komplexe und herausfordernde Aufgabe. Sie erfordert eine Offenheit f\u00fcr neue Technologien sowie die besten Wissenschaftler und Ingenieure sowie die kl\u00fcgsten K\u00f6pfe.<\/p>\n\n\n\n<div style=\"height:16px\" aria-hidden=\"true\" class=\"wp-block-spacer\"><\/div>\n\n\n\n<p>Mit einem gro\u00dfen Schwerpunkt auf Innovation und Investitionen in Forschung und Entwicklung, Prozesstechnologie und Umweltschutz bei unseren Mitgliedsunternehmen wurden und werden gro\u00dfe Fortschritte bei der Nachhaltigkeit von Kunststoffen erzielt. Sie erstrecken sich von der Verwendung nachhaltiger biobasierter Rohstoffe und Kunststoffabf\u00e4lle f\u00fcr die Kunststoffproduktion, \u00fcber innovative Materialien und recyclinggerechtes Design bis hin zu Fortschritten bei modernsten chemischen Recyclingtechnologien.<\/p>\n\n\n\n<div style=\"height:48px\" aria-hidden=\"true\" class=\"wp-block-spacer\"><\/div>\n\n\n\n<h2 class=\"wp-block-heading\" id=\"kunststoffe-in-tragender-rolle\">Kunststoffe in tragender Rolle<\/h2>\n\n\n\n<p class=\"has-large-font-size\">Wir sind davon \u00fcberzeugt, dass unsere Industrie Kunststoffe Schritt f\u00fcr Schritt nachhaltiger machen kann und wird. Um die notwendigen Hebel zu entwickeln, bedarf es langfristiger Partnerschaften mit der akademischen Welt, Regierungen, der Zivilgesellschaft sowie lokalen Akteuren ebenso wie mit weiteren Unternehmen entlang der Kunststoffwertsch\u00f6pfungskette.<\/p>\n\n\n\n<div style=\"height:48px\" aria-hidden=\"true\" class=\"wp-block-spacer is-style-large\"><\/div>\n\n\n\n<div class=\"wp-block-media-text alignwide is-stacked-on-mobile is-image-fill\" id=\"rounded-md\"><figure class=\"wp-block-media-text__media\" style=\"background-image:url(https:\/\/plasticseurope.org\/wp-content\/uploads\/2021\/10\/1552_Othalo_3-1024x576.jpg);background-position:50% 50%\"><img decoding=\"async\" src=\"https:\/\/plasticseurope.org\/wp-content\/uploads\/2021\/10\/1552_Othalo_3-1024x576.jpg\" alt=\"\" class=\"wp-image-2267 size-full\" \/><\/figure><div class=\"wp-block-media-text__content\">\n<div class=\"wp-block-group is-layout-flow wp-block-group-is-layout-flow\">\n<h2 class=\"wp-block-heading\" id=\"innovationen-im-bau\">Innovationen im Bau<\/h2>\n\n\n\n<p class=\"has-large-font-size\">Die Verwendung von Kunststoffabf\u00e4llen als Baumaterial f\u00fcr erschwinglichen Wohnraum in afrikanischen L\u00e4ndern s\u00fcdlich der Sahara ist das Ziel eines Projektes des norwegischen Startups Othalo.<\/p>\n\n\n\n<p>Lesen Sie mehr \u00fcber <a href=\"https:\/\/plastics-themag.com\/Sustainable-homes-made-from-plastic-waste\" target=\"_blank\" rel=\"noreferrer noopener\">nachhaltige H\u00e4user aus Kunststoffabf\u00e4llen<\/a><\/p>\n<\/div>\n<\/div><\/div>\n\n\n\n<div style=\"height:100px\" aria-hidden=\"true\" class=\"wp-block-spacer is-style-large\"><\/div>\n\n\n\n<div class=\"wp-block-media-text alignwide has-media-on-the-right is-stacked-on-mobile is-image-fill\" id=\"rounded-md\"><div class=\"wp-block-media-text__content\">\n<div class=\"wp-block-group is-layout-flow wp-block-group-is-layout-flow\">\n<h2 class=\"wp-block-heading\" id=\"innovationen-in-der-mobilitat\">Innovationen in der Mobilit\u00e4t<\/h2>\n\n\n\n<p class=\"has-large-font-size\">Bis 2050 werden die Reifen von Michelin vollst\u00e4ndig aus erneuerbaren, recycelten oder biobasierten Materialien hergestellt sein.<\/p>\n\n\n\n<p>Lesen Sie mehr dar\u00fcber: <a href=\"https:\/\/plastics-themag.com\/Carbios-and-Michelin:-on-the-road-towards-100-sustainable-tyres-in-2050\" target=\"_blank\" rel=\"noreferrer noopener\">Carbios and Michelin: on the road towards 100% sustainable tyres in 2050<\/a><\/p>\n<\/div>\n<\/div><figure class=\"wp-block-media-text__media\" style=\"background-image:url(https:\/\/plasticseurope.org\/wp-content\/uploads\/2021\/10\/60b9e96a27d38_En-bref-pneus-CarbiosMichelin-credit-Nickolas-Nikolic-Unsplash.png);background-position:50% 50%\"><img decoding=\"async\" src=\"https:\/\/plasticseurope.org\/wp-content\/uploads\/2021\/10\/60b9e96a27d38_En-bref-pneus-CarbiosMichelin-credit-Nickolas-Nikolic-Unsplash.png\" alt=\"\" class=\"wp-image-1888 size-full\" \/><\/figure><\/div>\n\n\n\n<div style=\"height:100px\" aria-hidden=\"true\" class=\"wp-block-spacer is-style-large\"><\/div>\n\n\n\n<div class=\"wp-block-media-text alignwide is-stacked-on-mobile is-image-fill\" id=\"rounded-md\"><figure class=\"wp-block-media-text__media\" style=\"background-image:url(https:\/\/plasticseurope.org\/wp-content\/uploads\/2021\/10\/6073ed5ea0046_Artificial-Cornea-Copyright-Vanessa-Bumbeers-unsplash.png);background-position:50% 50%\"><img decoding=\"async\" src=\"https:\/\/plasticseurope.org\/wp-content\/uploads\/2021\/10\/6073ed5ea0046_Artificial-Cornea-Copyright-Vanessa-Bumbeers-unsplash.png\" alt=\"\" class=\"wp-image-1910 size-full\" \/><\/figure><div class=\"wp-block-media-text__content\">\n<h2 class=\"wp-block-heading\" id=\"innovationen-fur-unsere-gesundheit-und-mehr-lebensqualitat\">Innovationen f\u00fcr unsere Gesundheit und mehr Lebensqualit\u00e4t<\/h2>\n\n\n\n<p class=\"has-large-font-size\">Ein 78-j\u00e4higer blinder Mann hat sein Augenlicht zur\u00fcckgewonnen, nachdem er das weltweit erste synthetische Hornhautimplantat erhielt.<\/p>\n\n\n\n<p>Lesen Sie mehr dazu, wie <a href=\"https:\/\/plastics-themag.com\/An-artificial-cornea-to-restore-sight\" target=\"_blank\" rel=\"noreferrer noopener\">eine k\u00fcnstliche Hornhaut hilft, das Augenlicht wiederherzustellen<\/a><\/p>\n<\/div><\/div>\n\n\n\n<div style=\"height:100px\" aria-hidden=\"true\" class=\"wp-block-spacer\"><\/div>\n\n\n\n<div class=\"wp-block-media-text alignwide has-media-on-the-right is-stacked-on-mobile is-image-fill\" id=\"rounded-md\"><div class=\"wp-block-media-text__content\">\n<h2 class=\"wp-block-heading\" id=\"innovationen-bei-verpackungen\">Innovationen bei Verpackungen<\/h2>\n\n\n\n<p class=\"has-large-font-size\">Bis 2030 m\u00fcssen s\u00e4mtliche Kunststoffverpackungen in der Europ\u00e4ischen Union recycelbar oder wiederverwendbar sein. Das ist eine gro\u00dfe Herausforderung, die zu frischem Denken und neuartigen Konzepten inspiriert.<\/p>\n\n\n\n<p>Entdecken Sie: <a href=\"https:\/\/plastics-themag.com\/Hipli-the-packaging-with-several-lives\" target=\"_blank\" rel=\"noreferrer noopener\">Hipli<\/a> the packaging with several lives<\/p>\n<\/div><figure class=\"wp-block-media-text__media\" style=\"background-image:url(https:\/\/plasticseurope.org\/wp-content\/uploads\/2021\/10\/000109674_600x400_c.jpg);background-position:50% 50%\"><img decoding=\"async\" src=\"https:\/\/plasticseurope.org\/wp-content\/uploads\/2021\/10\/000109674_600x400_c.jpg\" alt=\"\" class=\"wp-image-1992 size-full\" \/><\/figure><\/div>\n\n\n\n<div style=\"height:100px\" aria-hidden=\"true\" class=\"wp-block-spacer is-style-large\"><\/div>\n\n\n\n<div class=\"wp-block-media-text alignwide is-stacked-on-mobile is-image-fill\" id=\"rounded-md\"><figure class=\"wp-block-media-text__media\" style=\"background-image:url(https:\/\/plasticseurope.org\/wp-content\/uploads\/2021\/10\/plastic-sustainable-agriculture-1024x683.jpg);background-position:50% 50%\"><img decoding=\"async\" src=\"https:\/\/plasticseurope.org\/wp-content\/uploads\/2021\/10\/plastic-sustainable-agriculture-1024x683.jpg\" alt=\"\" class=\"wp-image-1960 size-full\" \/><\/figure><div class=\"wp-block-media-text__content\">\n<h2 class=\"wp-block-heading\" id=\"innovationen-in-der-landwirtschaft\">Innovationen in der Landwirtschaft<\/h2>\n\n\n\n<p class=\"has-large-font-size\">Landwirten steht ein wichtiges Mittel zur Hand, um mit weniger Pestiziden und geringeren Wassermengen die Ertr\u00e4ge zu steigern: Kunststoffe in der Landwirtschaft. Sie haben den Arbeitsalltag im Agrarbereich ebenso revolutioniert wie die Verf\u00fcgbarkeit von Nahrungsmitteln.<\/p>\n\n\n\n<p>DLesen Sie dazu: <a href=\"https:\/\/plastics-themag.com\/Plastics--a-fruity-reply\" target=\"_blank\" rel=\"noreferrer noopener\">plastics are tending the crops<\/a><\/p>\n<\/div><\/div>\n\n\n\n<div style=\"height:100px\" aria-hidden=\"true\" class=\"wp-block-spacer is-style-large\"><\/div>\n\n\n\n<div class=\"wp-block-media-text alignwide has-media-on-the-right is-stacked-on-mobile is-image-fill\" id=\"rounded-md\"><div class=\"wp-block-media-text__content\">\n<h2 class=\"wp-block-heading\" id=\"innovationen-in-der-elektrotechnik\">Innovationen in der Elektrotechnik<\/h2>\n\n\n\n<p class=\"has-large-font-size\">Am Schnittpunkt zweier Welten \u2013 Elektronik und Kunststoffe \u2013 \u00fcberzieht Plastronics Formteile aus Kunststoff mit intelligenten Modulen. Plastronics entwickelt kleinere, sch\u00f6nere und resistentere Elektroobjekte \u2013 und f\u00f6rdert so neue Technologien, ohne die viele verbundene Objekte nie das Licht der Welt entdeckt h\u00e4tten. (\u00a9 FESTO)<\/p>\n\n\n\n<p>Lesen Sie mehr dar\u00fcber: <a href=\"https:\/\/plastics-themag.com\/Polymers-enhanced-with-electronics-to-make-them-smarter\" target=\"_blank\" rel=\"noreferrer noopener\">plastronics, an electronic love letter to plastics<\/a><\/p>\n<\/div><figure class=\"wp-block-media-text__media\" style=\"background-image:url(https:\/\/plasticseurope.org\/wp-content\/uploads\/2021\/10\/5aec674883168_encrefilm.jpg);background-position:50% 50%\"><img decoding=\"async\" src=\"https:\/\/plasticseurope.org\/wp-content\/uploads\/2021\/10\/5aec674883168_encrefilm.jpg\" alt=\"\" class=\"wp-image-1964 size-full\" \/><\/figure><\/div>\n\n\n\n<div style=\"height:100px\" aria-hidden=\"true\" class=\"wp-block-spacer is-style-large\"><\/div>\n\n\n\n<div class=\"wp-block-media-text alignwide is-stacked-on-mobile is-image-fill\" id=\"rounded-md\"><figure class=\"wp-block-media-text__media\" style=\"background-image:url(https:\/\/plasticseurope.org\/wp-content\/uploads\/2021\/10\/60defcadb4ba7_home-Tokyo-1.png);background-position:50% 50%\"><img decoding=\"async\" src=\"https:\/\/plasticseurope.org\/wp-content\/uploads\/2021\/10\/60defcadb4ba7_home-Tokyo-1.png\" alt=\"\" class=\"wp-image-1975 size-full\" \/><\/figure><div class=\"wp-block-media-text__content\">\n<h2 class=\"wp-block-heading\" id=\"innovationen-im-sport\">Innovationen im Sport<\/h2>\n\n\n\n<p class=\"has-large-font-size\">Durch das Fehlen der Zuschauer zeichneten sich die Olympischen Spiele von Tokio vielleicht nicht durch ihre besondere Atmosph\u00e4re aus. Doch f\u00fcr die Athleten hatten ihre Leistungen und Rekorde ohnehin die h\u00f6chste Priorit\u00e4t. Ganz besonders wichtig f\u00fcr sportliche Topleistungen ist daf\u00fcr nat\u00fcrlich die richtige Ausr\u00fcstung, bei der immer \u00f6fter auf Kunststoff gesetzt wird!<\/p>\n\n\n\n<p>DiscLesen Sie mehr \u00fcber die <a href=\"https:\/\/plastics-themag.com\/Plastics-are-gaining-speed\" target=\"_blank\" rel=\"noreferrer noopener\">Olympic Games: Polymers back in the game<\/a><\/p>\n<\/div><\/div>\n\n\n\n<div style=\"height:100px\" aria-hidden=\"true\" class=\"wp-block-spacer is-style-large\"><\/div>\n\n\n\n<div class=\"wp-block-media-text alignwide has-media-on-the-right is-stacked-on-mobile is-image-fill\" id=\"rounded-md\"><div class=\"wp-block-media-text__content\">\n<h2 class=\"wp-block-heading\" id=\"innovationen-bei-haushaltsgeraten\">Innovationen bei Haushaltsger\u00e4ten<\/h2>\n\n\n\n<p class=\"has-large-font-size\">Der schwedische Ger\u00e4tehersteller Electrolux hat den Prototypen eines Staubsaugers vorgestellt, der zu 100 Prozent aus wiederverwendeten Komponenten und recyceltem Kunststoff besteht.<\/p>\n\n\n\n<p>Lesen Sie mehr \u00fcber diesen besonders nachhaltigen <a href=\"https:\/\/plastics-themag.com\/A-vacuum-cleaner-made-of-100-recycled-and-re-used-materials\" target=\"_blank\" rel=\"noreferrer noopener\">Staubsauger<\/a><\/p>\n<\/div><figure class=\"wp-block-media-text__media\" style=\"background-image:url(https:\/\/plasticseurope.org\/wp-content\/uploads\/2021\/10\/6020efa28c704_aspirateur-Electrolux-OK.png);background-position:50% 50%\"><img decoding=\"async\" src=\"https:\/\/plasticseurope.org\/wp-content\/uploads\/2021\/10\/6020efa28c704_aspirateur-Electrolux-OK.png\" alt=\"\" class=\"wp-image-1982 size-full\" \/><\/figure><\/div>\n\n\n\n<div id=\"explore-block_adb8e1eb84328a83926d6addd9994be1\" class=\"explore-further\">\n  <div class=\"flex flex-col bg-mist-900 rounded-md mt-8 md:mt-28 md:w-1\/2 md:mr-auto\">\n    <div class=\"flex-1 relative p-6 md:px-10 md:py-8\">\n      <div class=\"absolute top-0 left-0 p-5 inline-block transform -translate-x-1\/2 -translate-y-1\/2\">\n      <\/div>\n      \n\n<h3 class=\"wp-block-heading\" id=\"explore-further\">Explore further<\/h3>\n\n\n\n<p><a href=\"http:\/\/www.plasticsmakeitpossible.com\" target=\"_blank\" rel=\"noreferrer noopener\">Plastics Make it Possible<\/a><\/p>\n\n\n\n<p><a href=\"http:\/\/www.plastics-themag.com\" target=\"_blank\" rel=\"noreferrer noopener\">Plastics \u2013 the Mag<\/a><\/p>\n\n\n\n<p><a href=\"http:\/\/wonderfulvinyl.pvc.org\" target=\"_blank\" rel=\"noreferrer noopener\">Wonderful Vinyl<\/a><\/p>\n\n\n    <\/div>\n  <\/div>\n<\/div>\n","protected":false},"excerpt":{"rendered":"<p>Die Entwicklung ebenso hochwertiger und leistungsstarker wie nachhaltiger Produkte ist eine komplexe und herausfordernde Aufgabe. Sie erfordert eine Offenheit f\u00fcr neue Technologien sowie die besten Wissenschaftler und Ingenieure sowie die kl\u00fcgsten K\u00f6pfe. Mit einem gro\u00dfen Schwerpunkt auf Innovation und Investitionen in Forschung und Entwicklung, Prozesstechnologie und Umweltschutz bei unseren Mitgliedsunternehmen wurden und werden gro\u00dfe Fortschritte [&hellip;]<\/p>\n","protected":false},"author":1,"featured_media":1015,"parent":52,"menu_order":0,"comment_status":"closed","ping_status":"closed","template":"","meta":{"footnotes":""},"class_list":["post-1195","page","type-page","status-publish","has-post-thumbnail","hentry"],"acf":[],"yoast_head":"<!-- This site is optimized with the Yoast SEO plugin v21.6 - https:\/\/yoast.com\/wordpress\/plugins\/seo\/ -->\n<title>Innovationen f\u00fcr die Zukunft - Plastics Europe DE<\/title>\n<meta name=\"robots\" content=\"index, follow, max-snippet:-1, max-image-preview:large, max-video-preview:-1\" \/>\n<link rel=\"canonical\" href=\"https:\/\/plasticseurope.org\/de\/nachhaltigkeit\/innovationen-fuer-die-zukunft\/\" \/>\n<meta property=\"og:locale\" content=\"de_DE\" \/>\n<meta property=\"og:type\" content=\"article\" \/>\n<meta property=\"og:title\" content=\"Innovationen f\u00fcr die Zukunft - Plastics Europe DE\" \/>\n<meta property=\"og:description\" content=\"Die Entwicklung ebenso hochwertiger und leistungsstarker wie nachhaltiger Produkte ist eine komplexe und herausfordernde Aufgabe. Sie erfordert eine Offenheit f\u00fcr neue Technologien sowie die besten Wissenschaftler und Ingenieure sowie die kl\u00fcgsten K\u00f6pfe. Mit einem gro\u00dfen Schwerpunkt auf Innovation und Investitionen in Forschung und Entwicklung, Prozesstechnologie und Umweltschutz bei unseren Mitgliedsunternehmen wurden und werden gro\u00dfe Fortschritte [&hellip;]\" \/>\n<meta property=\"og:url\" content=\"https:\/\/plasticseurope.org\/de\/nachhaltigkeit\/innovationen-fuer-die-zukunft\/\" \/>\n<meta property=\"og:site_name\" content=\"Plastics Europe DE\" \/>\n<meta property=\"article:modified_time\" content=\"2023-08-22T06:52:16+00:00\" \/>\n<meta property=\"og:image\" content=\"https:\/\/plasticseurope.org\/de\/wp-content\/uploads\/sites\/3\/2022\/02\/plastic-innovation-3d-scaled.jpg\" \/>\n\t<meta property=\"og:image:width\" content=\"2560\" \/>\n\t<meta property=\"og:image:height\" content=\"1707\" \/>\n\t<meta property=\"og:image:type\" content=\"image\/jpeg\" \/>\n<meta name=\"twitter:card\" content=\"summary_large_image\" \/>\n<meta name=\"twitter:label1\" content=\"Gesch\u00e4tzte Lesezeit\" \/>\n\t<meta name=\"twitter:data1\" content=\"5 Minuten\" \/>\n<script type=\"application\/ld+json\" class=\"yoast-schema-graph\">{\"@context\":\"https:\/\/schema.org\",\"@graph\":[{\"@type\":\"WebPage\",\"@id\":\"https:\/\/plasticseurope.org\/de\/nachhaltigkeit\/innovationen-fuer-die-zukunft\/\",\"url\":\"https:\/\/plasticseurope.org\/de\/nachhaltigkeit\/innovationen-fuer-die-zukunft\/\",\"name\":\"Innovationen f\u00fcr die Zukunft - Plastics Europe DE\",\"isPartOf\":{\"@id\":\"https:\/\/plasticseurope.org\/de\/#website\"},\"datePublished\":\"2022-02-16T07:38:46+00:00\",\"dateModified\":\"2023-08-22T06:52:16+00:00\",\"breadcrumb\":{\"@id\":\"https:\/\/plasticseurope.org\/de\/nachhaltigkeit\/innovationen-fuer-die-zukunft\/#breadcrumb\"},\"inLanguage\":\"de-DE\",\"potentialAction\":[{\"@type\":\"ReadAction\",\"target\":[\"https:\/\/plasticseurope.org\/de\/nachhaltigkeit\/innovationen-fuer-die-zukunft\/\"]}]},{\"@type\":\"BreadcrumbList\",\"@id\":\"https:\/\/plasticseurope.org\/de\/nachhaltigkeit\/innovationen-fuer-die-zukunft\/#breadcrumb\",\"itemListElement\":[{\"@type\":\"ListItem\",\"position\":1,\"name\":\"Home\",\"item\":\"https:\/\/plasticseurope.org\/de\/\"},{\"@type\":\"ListItem\",\"position\":2,\"name\":\"Nachhaltigkeit\",\"item\":\"https:\/\/plasticseurope.org\/de\/nachhaltigkeit\/\"},{\"@type\":\"ListItem\",\"position\":3,\"name\":\"Innovationen f\u00fcr die Zukunft\"}]},{\"@type\":\"WebSite\",\"@id\":\"https:\/\/plasticseurope.org\/de\/#website\",\"url\":\"https:\/\/plasticseurope.org\/de\/\",\"name\":\"Plastics Europe DE\",\"description\":\"Enabling a sustainable future\",\"potentialAction\":[{\"@type\":\"SearchAction\",\"target\":{\"@type\":\"EntryPoint\",\"urlTemplate\":\"https:\/\/plasticseurope.org\/de\/?s={search_term_string}\"},\"query-input\":\"required name=search_term_string\"}],\"inLanguage\":\"de-DE\"}]}<\/script>\n<!-- \/ Yoast SEO plugin. -->","yoast_head_json":{"title":"Innovationen f\u00fcr die Zukunft - Plastics Europe DE","robots":{"index":"index","follow":"follow","max-snippet":"max-snippet:-1","max-image-preview":"max-image-preview:large","max-video-preview":"max-video-preview:-1"},"canonical":"https:\/\/plasticseurope.org\/de\/nachhaltigkeit\/innovationen-fuer-die-zukunft\/","og_locale":"de_DE","og_type":"article","og_title":"Innovationen f\u00fcr die Zukunft - Plastics Europe DE","og_description":"Die Entwicklung ebenso hochwertiger und leistungsstarker wie nachhaltiger Produkte ist eine komplexe und herausfordernde Aufgabe. Sie erfordert eine Offenheit f\u00fcr neue Technologien sowie die besten Wissenschaftler und Ingenieure sowie die kl\u00fcgsten K\u00f6pfe. Mit einem gro\u00dfen Schwerpunkt auf Innovation und Investitionen in Forschung und Entwicklung, Prozesstechnologie und Umweltschutz bei unseren Mitgliedsunternehmen wurden und werden gro\u00dfe Fortschritte [&hellip;]","og_url":"https:\/\/plasticseurope.org\/de\/nachhaltigkeit\/innovationen-fuer-die-zukunft\/","og_site_name":"Plastics Europe DE","article_modified_time":"2023-08-22T06:52:16+00:00","og_image":[{"width":2560,"height":1707,"url":"https:\/\/plasticseurope.org\/de\/wp-content\/uploads\/sites\/3\/2022\/02\/plastic-innovation-3d-scaled.jpg","type":"image\/jpeg"}],"twitter_card":"summary_large_image","twitter_misc":{"Gesch\u00e4tzte Lesezeit":"5 Minuten"},"schema":{"@context":"https:\/\/schema.org","@graph":[{"@type":"WebPage","@id":"https:\/\/plasticseurope.org\/de\/nachhaltigkeit\/innovationen-fuer-die-zukunft\/","url":"https:\/\/plasticseurope.org\/de\/nachhaltigkeit\/innovationen-fuer-die-zukunft\/","name":"Innovationen f\u00fcr die Zukunft - Plastics Europe DE","isPartOf":{"@id":"https:\/\/plasticseurope.org\/de\/#website"},"datePublished":"2022-02-16T07:38:46+00:00","dateModified":"2023-08-22T06:52:16+00:00","breadcrumb":{"@id":"https:\/\/plasticseurope.org\/de\/nachhaltigkeit\/innovationen-fuer-die-zukunft\/#breadcrumb"},"inLanguage":"de-DE","potentialAction":[{"@type":"ReadAction","target":["https:\/\/plasticseurope.org\/de\/nachhaltigkeit\/innovationen-fuer-die-zukunft\/"]}]},{"@type":"BreadcrumbList","@id":"https:\/\/plasticseurope.org\/de\/nachhaltigkeit\/innovationen-fuer-die-zukunft\/#breadcrumb","itemListElement":[{"@type":"ListItem","position":1,"name":"Home","item":"https:\/\/plasticseurope.org\/de\/"},{"@type":"ListItem","position":2,"name":"Nachhaltigkeit","item":"https:\/\/plasticseurope.org\/de\/nachhaltigkeit\/"},{"@type":"ListItem","position":3,"name":"Innovationen f\u00fcr die Zukunft"}]},{"@type":"WebSite","@id":"https:\/\/plasticseurope.org\/de\/#website","url":"https:\/\/plasticseurope.org\/de\/","name":"Plastics Europe DE","description":"Enabling a sustainable future","potentialAction":[{"@type":"SearchAction","target":{"@type":"EntryPoint","urlTemplate":"https:\/\/plasticseurope.org\/de\/?s={search_term_string}"},"query-input":"required name=search_term_string"}],"inLanguage":"de-DE"}]}},"_links":{"self":[{"href":"https:\/\/plasticseurope.org\/de\/wp-json\/wp\/v2\/pages\/1195","targetHints":{"allow":["GET"]}}],"collection":[{"href":"https:\/\/plasticseurope.org\/de\/wp-json\/wp\/v2\/pages"}],"about":[{"href":"https:\/\/plasticseurope.org\/de\/wp-json\/wp\/v2\/types\/page"}],"author":[{"embeddable":true,"href":"https:\/\/plasticseurope.org\/de\/wp-json\/wp\/v2\/users\/1"}],"replies":[{"embeddable":true,"href":"https:\/\/plasticseurope.org\/de\/wp-json\/wp\/v2\/comments?post=1195"}],"version-history":[{"count":0,"href":"https:\/\/plasticseurope.org\/de\/wp-json\/wp\/v2\/pages\/1195\/revisions"}],"up":[{"embeddable":true,"href":"https:\/\/plasticseurope.org\/de\/wp-json\/wp\/v2\/pages\/52"}],"wp:featuredmedia":[{"embeddable":true,"href":"https:\/\/plasticseurope.org\/de\/wp-json\/wp\/v2\/media\/1015"}],"wp:attachment":[{"href":"https:\/\/plasticseurope.org\/de\/wp-json\/wp\/v2\/media?parent=1195"}],"curies":[{"name":"wp","href":"https:\/\/api.w.org\/{rel}","templated":true}]}}