{"id":1186,"date":"2022-02-14T13:32:06","date_gmt":"2022-02-14T13:32:06","guid":{"rendered":"https:\/\/plasticseurope.wpenginepowered.com\/de\/?page_id=1186"},"modified":"2023-08-22T07:41:19","modified_gmt":"2023-08-22T07:41:19","slug":"nachhaltige-nutzung","status":"publish","type":"page","link":"https:\/\/plasticseurope.org\/de\/nachhaltigkeit\/klima\/nachhaltige-nutzung\/","title":{"rendered":"Nachhaltige Nutzung"},"content":{"rendered":"\n<h2 class=\"wp-block-heading\" id=\"kunststoffe-im-alltag\">Kunststoffe im Alltag<\/h2>\n\n\n\n<p class=\"has-large-font-size\">Kunststoffe sind Teil einer stetig wachsenden Zahl an Innovationen, die nachhaltigere, sicherere, langlebigere und leistungsf\u00e4higere Produkte hervorbringen. Vom Beginn ihres Einsatzes bis zum Ende ihres Lebenszyklus k\u00f6nnen Kunststoff-Anwendungen durch nachhaltige Nutzung sowohl f\u00fcr die Gesellschaft als auch f\u00fcr die Umwelt viele Vorteile bringen.<\/p>\n\n\n\n<div style=\"height:16px\" aria-hidden=\"true\" class=\"wp-block-spacer\"><\/div>\n\n\n\n<p>Nachfolgend einige Beispiele, wie Kunststoffe uns das Leben leichter machen.<\/p>\n\n\n\n<div style=\"height:48px\" aria-hidden=\"true\" class=\"wp-block-spacer\"><\/div>\n\n\n\n<div class=\"wp-block-media-text is-stacked-on-mobile is-image-fill\"><figure class=\"wp-block-media-text__media\" style=\"background-image:url(https:\/\/plasticseurope.org\/wp-content\/uploads\/2021\/10\/plastics-building-and-construction-insulation-1024x683.jpg);background-position:50% 50%\"><img decoding=\"async\" src=\"https:\/\/plasticseurope.org\/wp-content\/uploads\/2021\/10\/plastics-building-and-construction-insulation-1024x683.jpg\" alt=\"\" class=\"wp-image-2712 size-full\" \/><\/figure><div class=\"wp-block-media-text__content\">\n<div class=\"wp-block-group is-layout-flow wp-block-group-is-layout-flow\">\n<h3 class=\"wp-block-heading\" id=\"nachhaltig-bauen\">Nachhaltig Bauen<\/h3>\n\n\n\n<p>Buildings account for roughly 40% of the EU\u2019s energy consumption and <\/p>\n\n\n\n<p>Das Heizen und K\u00fchlen von Geb\u00e4uden ist f\u00fcr etwa 40 % des Energieverbrauchs und der Treibhausgasemissionen in der Europ\u00e4ischen Union verantwortlich. Kunststoffe helfen, diesen Energieverbrauch zu senken. Bauprodukte aus Kunststoff sind zum Beispiel vergleichsweise energie- und ressourcen-effizient bei Herstellung und Weiterverarbeitung zu Fertigerzeugnissen.<\/p>\n\n\n\n<p class=\"has-sky-color has-text-color has-large-font-size\"><strong>Wussten Sie schon?<\/strong> Im Laufe der Lebensdauer spart man mit Kunststoffisolierungen mehr als 200 Mal so viel Energie, wie f\u00fcr die Herstellung erforderlich ist.<\/p>\n\n\n\n<p>Die Kunststoffindustrie setzt konsequent auf Innovationen, um nachhaltiger zu werden. Dazu geh\u00f6ren hochleistungsf\u00e4hige und langlebige D\u00e4mmmaterialien, Fensterrahmen und Rohrsysteme, die ein nachhaltiges Bauen f\u00f6rdern und die Energieeffizienz von Geb\u00e4uden steigern. Zudem setzt die Branche mehr und mehr auf den Einsatz recycelter und wiederverwendeter Materialien. Die Nutzung von Kunststoffmaterialien f\u00fcr eine ressourcenschonende Auffrischung bestehender Geb\u00e4ude und der Bau energieeffizienter neuer Geb\u00e4ude ist von wesentlicher Bedeutung, um die Klimaziele der Europ\u00e4ischen Union zu erreichen.<\/p>\n\n\n\n<p>Lesen Sie, wie Kunststoffe zu <a href=\"https:\/\/plasticseurope.org\/plastics-explained\/plastics-in-use\/building-and-construction\/\">nachhaltigem Bauen beitragen<\/a>.<\/p>\n<\/div>\n<\/div><\/div>\n\n\n\n<div style=\"height:100px\" aria-hidden=\"true\" class=\"wp-block-spacer\"><\/div>\n\n\n\n<div class=\"wp-block-media-text has-media-on-the-right is-stacked-on-mobile is-image-fill\"><div class=\"wp-block-media-text__content\">\n<div class=\"wp-block-group is-layout-flow wp-block-group-is-layout-flow\">\n<h3 class=\"wp-block-heading\" id=\"sparsame-mobilitat\">Sparsame Mobilit\u00e4t<\/h3>\n\n\n\n<p>Ressourcenschonendere Fahrzeuge lassen sich ohne Kunststoffe kaum erreichen \u2013 und gleiches gilt generell f\u00fcr das Zeil einer nachhaltigen Mobilit\u00e4t. Die Kunststoffindustrie ist durch zahlreiche Anwendungen wichtiger Enabler f\u00fcr den Verkehr der Zukunft, der Klima und Umwelt besser sch\u00fctzt.<\/p>\n\n\n\n<p class=\"has-jade-color has-text-color has-large-font-size\"><strong>Wussten Sie schon? <\/strong>Kunststoffkomponenten im Automobil wiegen nur halb so viel wie \u00e4hnliche Komponenten aus anderen Materialien, was zu einer Reduzierung des Kraftstoffverbrauchs von 25 bis 35 Prozent f\u00fchrt.<\/p>\n\n\n\n<p>Die Industrie f\u00f6rdert den Trend hin zur Klimaneutralit\u00e4t, indem sie Treibhausgasemissionen im Verkehr durch Leichtbaul\u00f6sungen in Transportmitteln senkt. Kunststoffe unterst\u00fctzen auch die Transformation bei den Antriebsstr\u00e4ngen, weg von fossilen Brennstoffen hin zu Fahrzeugen, die mit erneuerbarer Energie angetrieben werden, etwa durch gr\u00fcnen Strom oder mittels Wasserstoff.<\/p>\n\n\n\n<p class=\"has-satsuma-color has-text-color has-large-font-size\"><strong>Wussten Sie schon? <\/strong>Jedes eingesparte Kilogramm an Gewicht im Auto bedeutet 20 Kilogramm weniger Kohlendioxid (CO2) im Verkehr.<\/p>\n\n\n\n<p>In Fahrzeugen verbauter Kunststoff hilft, diese leichter, sicherer und komfortabler zu machen. Beispielsweise wird im Innenraum vieler Autos recyceltes Material verwendet, etwa im Gewebe von Autositzen und -matten. Moderne Kunststoffe und Verbundwerkstoffe werden in den Sto\u00dff\u00e4ngern, T\u00fcren, Sicherheitsgurten, Airbags, Armaturenbrettern und auch Under-the-hood, etwa in der Antriebswelle, verbaut \u2013 und tragen so in erheblichem Ma\u00dfe zur Sicherheit heutiger Fahrzeuge bei.<\/p>\n\n\n\n<p>Lesen Sie, wie <a href=\"https:\/\/plasticseurope.org\/plastics-explained\/plastics-in-use\/mobility-and-transport\/\">Fahrzeuge<\/a> dank Kunststoffen effizienter werden<\/p>\n<\/div>\n<\/div><figure class=\"wp-block-media-text__media\" style=\"background-image:url(https:\/\/plasticseurope.org\/wp-content\/uploads\/2021\/10\/plastics-transportation-1024x684.jpg);background-position:23% 30%\"><img decoding=\"async\" src=\"https:\/\/plasticseurope.org\/wp-content\/uploads\/2021\/10\/plastics-transportation-1024x684.jpg\" alt=\"\" class=\"wp-image-2716 size-full\" \/><\/figure><\/div>\n\n\n\n<div style=\"height:100px\" aria-hidden=\"true\" class=\"wp-block-spacer\"><\/div>\n\n\n\n<div class=\"wp-block-media-text is-stacked-on-mobile is-image-fill\"><figure class=\"wp-block-media-text__media\" style=\"background-image:url(https:\/\/plasticseurope.org\/wp-content\/uploads\/2021\/10\/plastics-health-prosthetic-arm-1-1024x683.jpg);background-position:39% 43%\"><img decoding=\"async\" src=\"https:\/\/plasticseurope.org\/wp-content\/uploads\/2021\/10\/plastics-health-prosthetic-arm-1-1024x683.jpg\" alt=\"\" class=\"wp-image-2730 size-full\" \/><\/figure><div class=\"wp-block-media-text__content\">\n<div class=\"wp-block-group is-layout-flow wp-block-group-is-layout-flow\">\n<h3 class=\"wp-block-heading\" id=\"innovative-lebensretter\">Innovative Lebensretter<\/h3>\n\n\n\n<p>Unser modernes Gesundheitswesen w\u00e4re ohne die vielen kunststoffbasierten Medizinprodukte, die wir als selbstverst\u00e4ndlich erachten, undenkbar. Kunststoffe finden wir \u00fcberall: pers\u00f6nliche Schutzausr\u00fcstung, sterile Spritzen, intraven\u00f6se Blutbeutel und Schl\u00e4uche, Herzklappen, \u201ck\u00fcnstliche Haut\u201c f\u00fcr die Notfallbehandlung von Verbrennungen, orthop\u00e4dische Ger\u00e4te oder retardierende Arzneimittel, die Wirkstoffe zeitversetzt freisetzen.<\/p>\n\n\n\n<p class=\"has-sky-color has-text-color has-large-font-size\">Innovationen bei Kunststoffen erm\u00f6glichen st\u00e4ndig neue Fortschritte im Gesundheitswesen, wie beispielsweise mittels 3D-Druck zum Einsetzen k\u00fcnstlicher Haut, Knochen und Knorpel. Auch neue Materialien zur Selbstheilung werden stetig optimiert und weiterentwickelt. Durch Kunststoffe k\u00f6nnen Menschen aktiver und autonomer ihre Gesundheit und ihr Wohlbefinden steuern, indem sie technologische Ger\u00e4te verwenden, mit denen sie sich selbst \u00fcberwachen und medizinisch versorgen k\u00f6nnen.<\/p>\n\n\n\n<p>Erfahren Sie mehr \u00fcber Kunststoffinnovationen f\u00fcr <a href=\"https:\/\/plasticseurope.org\/sustainability\/plastics-health\/\">Gesundheit und Wohlbefinden<\/a>.<\/p>\n<\/div>\n<\/div><\/div>\n\n\n\n<div style=\"height:100px\" aria-hidden=\"true\" class=\"wp-block-spacer\"><\/div>\n\n\n\n<div class=\"wp-block-media-text has-media-on-the-right is-stacked-on-mobile is-image-fill\"><div class=\"wp-block-media-text__content\">\n<div class=\"wp-block-group is-layout-flow wp-block-group-is-layout-flow\">\n<h3 class=\"wp-block-heading\" id=\"sicher-hygienisch-kunststoffverpackung\">Sicher, hygienisch, Kunststoffverpackung!<\/h3>\n\n\n\n<p>Ein Schl\u00fcsselbereich, in dem Kunststoffe einen wichtigen Beitrag leisten, ist die Konservierung und Haltbarmachung von Lebensmitteln. Kunststoffverpackungen spielen eine entscheidende Rolle bei der Reduzierung von Lebensmittelverschwendungen, indem sie sensible G\u00fcter w\u00e4hrend des Transports und der Lagerung konservieren und sch\u00fctzen.<\/p>\n\n\n\n<p class=\"has-jade-color has-text-color has-large-font-size\"><strong>Wussten Sie schon?<\/strong> Der Ern\u00e4hrungs- und Landwirtschaftsorganisation der Vereinten Nationen (FAO) zufolge geht weltweit jedes Jahr etwa ein Drittel der f\u00fcr den menschlichen Verzehr bestimmten Lebensmittel verloren oder verdirbt.<\/p>\n\n\n\n<p>Kunststoffverpackungen sch\u00fctzen auch vor der Kontaminierung von Lebensmitteln, w\u00e4hrend manipulationssichere Verschl\u00fcsse Verbrauchern zus\u00e4tzlichen Schutz und Sicherheit bieten. Sichere Verpackungen garantieren auch die Unversehrtheit steriler Produkte in der Medizin und im Gesundheitswesen.<\/p>\n\n\n\n<p>Und Kunststoffverpackungen leisten noch mehr: Leichtes Verpackungsmaterial reduziert die Menge des CO2-Aussto\u00dfes beim Transport von Lebensmitteln und anderen G\u00fctern. Gleichzeitig sorgt die Haltbarkeit und Vielseitigkeit von Kunststoffverpackungen daf\u00fcr, dass Produkte in perfektem Zustand ausgeliefert und Sch\u00e4den sowie Verschwendung minimiert werden.<\/p>\n\n\n\n<p>Erfahren Sie, wie <a href=\"https:\/\/plasticseurope.org\/sustainability\/plastics-health\/safety-of-plastics\/food-contact\/\">Kunststoffverpackungen<\/a> zur Gesundheit und Hygiene beitragen<\/p>\n<\/div>\n<\/div><figure class=\"wp-block-media-text__media\" style=\"background-image:url(https:\/\/plasticseurope.org\/wp-content\/uploads\/2021\/10\/plastics-reusable-food-containers-1-1024x683.jpg);background-position:25% 48%\"><img decoding=\"async\" src=\"https:\/\/plasticseurope.org\/wp-content\/uploads\/2021\/10\/plastics-reusable-food-containers-1-1024x683.jpg\" alt=\"\" class=\"wp-image-2734 size-full\" \/><\/figure><\/div>\n\n\n\n<div style=\"height:100px\" aria-hidden=\"true\" class=\"wp-block-spacer\"><\/div>\n\n\n\n<div class=\"wp-block-media-text is-stacked-on-mobile is-image-fill\"><figure class=\"wp-block-media-text__media\" style=\"background-image:url(https:\/\/plasticseurope.org\/wp-content\/uploads\/2021\/10\/plastics-agriculture-sustainable-1-1024x693.jpg);background-position:50% 50%\"><img decoding=\"async\" src=\"https:\/\/plasticseurope.org\/wp-content\/uploads\/2021\/10\/plastics-agriculture-sustainable-1-1024x693.jpg\" alt=\"\" class=\"wp-image-2738 size-full\" \/><\/figure><div class=\"wp-block-media-text__content\">\n<div class=\"wp-block-group is-layout-flow wp-block-group-is-layout-flow\">\n<h3 class=\"wp-block-heading\" id=\"ganzjahrige-landwirtschaft\">Ganzj\u00e4hrige Landwirtschaft<\/h3>\n\n\n\n<p>Der zunehmende Einsatz von Kunststoffen in der Landwirtschaft beschert den Landwirten einen h\u00f6heren Ernteertrag und stabilisiert die Lebensmittelkosten, w\u00e4hrend es gleichzeitig die Nahrungsmittelqualit\u00e4t steigert und den \u00f6kologischen Fu\u00dfabdruck agrarischer Anbaumethoden verringert.<\/p>\n\n\n\n<p class=\"has-satsuma-color has-text-color has-large-font-size\">Kunststoffe werden eingesetzt, um Anbaufl\u00e4chen vor extremen Witterungsbedingungen, Sch\u00e4dlingen und Krankheiten zu sch\u00fctzen, um Wasser zu speichern und den Wasserverlust zu minimieren. Mit Gew\u00e4chsh\u00e4usern und Folientunneln lassen sich Obst und Gem\u00fcse zu jeder Jahreszeit anbauen, indem die besten klimatischen Bedingungen f\u00fcr den Anbau erzeugt werden und der Einsatz von Pestiziden verringert wird.<\/p>\n\n\n\n<p>Learn how plastics support <a href=\"https:\/\/plasticseurope.org\/plastics-explained\/plastics-in-use\/agriculture-2\/\">agriculture<\/a>.<\/p>\n\n\n\n<p>Lesen Sie, wie Kunststoffe die <a href=\"https:\/\/plasticseurope.org\/plastics-explained\/plastics-in-use\/agriculture-2\/\">Landwirtschaft<\/a> unterst\u00fctzen.<\/p>\n<\/div>\n<\/div><\/div>\n\n\n\n<div style=\"height:100px\" aria-hidden=\"true\" class=\"wp-block-spacer\"><\/div>\n\n\n\n<div class=\"wp-block-media-text has-media-on-the-right is-stacked-on-mobile is-image-fill\"><div class=\"wp-block-media-text__content\">\n<div class=\"wp-block-group is-layout-flow wp-block-group-is-layout-flow\">\n<h3 class=\"wp-block-heading\" id=\"effiziente-elektronik\">Effiziente Elektronik<\/h3>\n\n\n\n<p>Computertechnologie, das Internet und mobile Kommunikation sind Bereiche mit stetig steigenden Wachstumsraten. Erm\u00f6glicht wird dieses Wachstum durch eine neue Generation von Kunststoffen, die dabei helfen, eine neue Welt der Konnektivit\u00e4t, Information und Unterhaltung einem immer gr\u00f6\u00dferen Teil der Weltbev\u00f6lkerung zug\u00e4nglich zu machen.<\/p>\n\n\n\n<p class=\"has-sky-color has-text-color has-large-font-size\">Mittels modernster Kunststoffe k\u00f6nnen Hersteller die Gr\u00f6\u00dfe und das Gewicht ihrer elektronischen Artikel reduzieren und deren Energieeffizienz steigern. \u201eMit weniger mehr machen\u201c ist gleichbedeutend mit leichteren und kompakteren Smartphones, Laptops und Flachbildschirmen.<\/p>\n\n\n\n<p>Lesen Sie, wie Kunststoffe heutige <a href=\"https:\/\/plasticseurope.org\/electronics\/\">Elektroger\u00e4te<\/a> immer leistungsf\u00e4higer machen.<\/p>\n<\/div>\n<\/div><figure class=\"wp-block-media-text__media\" style=\"background-image:url(https:\/\/plasticseurope.org\/wp-content\/uploads\/2021\/10\/plastics-technology-1024x576.jpg);background-position:50% 50%\"><img decoding=\"async\" src=\"https:\/\/plasticseurope.org\/wp-content\/uploads\/2021\/10\/plastics-technology-1024x576.jpg\" alt=\"\" class=\"wp-image-2744 size-full\" \/><\/figure><\/div>\n","protected":false},"excerpt":{"rendered":"<p>Kunststoffe im Alltag Kunststoffe sind Teil einer stetig wachsenden Zahl an Innovationen, die nachhaltigere, sicherere, langlebigere und leistungsf\u00e4higere Produkte hervorbringen. Vom Beginn ihres Einsatzes bis zum Ende ihres Lebenszyklus k\u00f6nnen Kunststoff-Anwendungen durch nachhaltige Nutzung sowohl f\u00fcr die Gesellschaft als auch f\u00fcr die Umwelt viele Vorteile bringen. Nachfolgend einige Beispiele, wie Kunststoffe uns das Leben leichter [&hellip;]<\/p>\n","protected":false},"author":1,"featured_media":1007,"parent":1181,"menu_order":0,"comment_status":"closed","ping_status":"closed","template":"","meta":{"footnotes":""},"class_list":["post-1186","page","type-page","status-publish","has-post-thumbnail","hentry"],"acf":[],"yoast_head":"<!-- This site is optimized with the Yoast SEO plugin v21.6 - https:\/\/yoast.com\/wordpress\/plugins\/seo\/ -->\n<title>Nachhaltige Nutzung - Plastics Europe DE<\/title>\n<meta name=\"robots\" content=\"index, follow, max-snippet:-1, max-image-preview:large, max-video-preview:-1\" \/>\n<link rel=\"canonical\" href=\"https:\/\/plasticseurope.org\/de\/nachhaltigkeit\/klima\/nachhaltige-nutzung\/\" \/>\n<meta property=\"og:locale\" content=\"de_DE\" \/>\n<meta property=\"og:type\" content=\"article\" \/>\n<meta property=\"og:title\" content=\"Nachhaltige Nutzung - Plastics Europe DE\" \/>\n<meta property=\"og:description\" content=\"Kunststoffe im Alltag Kunststoffe sind Teil einer stetig wachsenden Zahl an Innovationen, die nachhaltigere, sicherere, langlebigere und leistungsf\u00e4higere Produkte hervorbringen. Vom Beginn ihres Einsatzes bis zum Ende ihres Lebenszyklus k\u00f6nnen Kunststoff-Anwendungen durch nachhaltige Nutzung sowohl f\u00fcr die Gesellschaft als auch f\u00fcr die Umwelt viele Vorteile bringen. Nachfolgend einige Beispiele, wie Kunststoffe uns das Leben leichter [&hellip;]\" \/>\n<meta property=\"og:url\" content=\"https:\/\/plasticseurope.org\/de\/nachhaltigkeit\/klima\/nachhaltige-nutzung\/\" \/>\n<meta property=\"og:site_name\" content=\"Plastics Europe DE\" \/>\n<meta property=\"article:modified_time\" content=\"2023-08-22T07:41:19+00:00\" \/>\n<meta property=\"og:image\" content=\"https:\/\/plasticseurope.org\/de\/wp-content\/uploads\/sites\/3\/2022\/02\/plastic-fun-toys-happiness-scaled.jpg\" \/>\n\t<meta property=\"og:image:width\" content=\"2560\" \/>\n\t<meta property=\"og:image:height\" content=\"1707\" \/>\n\t<meta property=\"og:image:type\" content=\"image\/jpeg\" \/>\n<meta name=\"twitter:card\" content=\"summary_large_image\" \/>\n<meta name=\"twitter:label1\" content=\"Gesch\u00e4tzte Lesezeit\" \/>\n\t<meta name=\"twitter:data1\" content=\"7 Minuten\" \/>\n<script type=\"application\/ld+json\" class=\"yoast-schema-graph\">{\"@context\":\"https:\/\/schema.org\",\"@graph\":[{\"@type\":\"WebPage\",\"@id\":\"https:\/\/plasticseurope.org\/de\/nachhaltigkeit\/klima\/nachhaltige-nutzung\/\",\"url\":\"https:\/\/plasticseurope.org\/de\/nachhaltigkeit\/klima\/nachhaltige-nutzung\/\",\"name\":\"Nachhaltige Nutzung - Plastics Europe DE\",\"isPartOf\":{\"@id\":\"https:\/\/plasticseurope.org\/de\/#website\"},\"datePublished\":\"2022-02-14T13:32:06+00:00\",\"dateModified\":\"2023-08-22T07:41:19+00:00\",\"breadcrumb\":{\"@id\":\"https:\/\/plasticseurope.org\/de\/nachhaltigkeit\/klima\/nachhaltige-nutzung\/#breadcrumb\"},\"inLanguage\":\"de-DE\",\"potentialAction\":[{\"@type\":\"ReadAction\",\"target\":[\"https:\/\/plasticseurope.org\/de\/nachhaltigkeit\/klima\/nachhaltige-nutzung\/\"]}]},{\"@type\":\"BreadcrumbList\",\"@id\":\"https:\/\/plasticseurope.org\/de\/nachhaltigkeit\/klima\/nachhaltige-nutzung\/#breadcrumb\",\"itemListElement\":[{\"@type\":\"ListItem\",\"position\":1,\"name\":\"Home\",\"item\":\"https:\/\/plasticseurope.org\/de\/\"},{\"@type\":\"ListItem\",\"position\":2,\"name\":\"Nachhaltigkeit\",\"item\":\"https:\/\/plasticseurope.org\/de\/nachhaltigkeit\/\"},{\"@type\":\"ListItem\",\"position\":3,\"name\":\"Klima\",\"item\":\"https:\/\/plasticseurope.org\/de\/nachhaltigkeit\/klima\/\"},{\"@type\":\"ListItem\",\"position\":4,\"name\":\"Nachhaltige Nutzung\"}]},{\"@type\":\"WebSite\",\"@id\":\"https:\/\/plasticseurope.org\/de\/#website\",\"url\":\"https:\/\/plasticseurope.org\/de\/\",\"name\":\"Plastics Europe DE\",\"description\":\"Enabling a sustainable future\",\"potentialAction\":[{\"@type\":\"SearchAction\",\"target\":{\"@type\":\"EntryPoint\",\"urlTemplate\":\"https:\/\/plasticseurope.org\/de\/?s={search_term_string}\"},\"query-input\":\"required name=search_term_string\"}],\"inLanguage\":\"de-DE\"}]}<\/script>\n<!-- \/ Yoast SEO plugin. -->","yoast_head_json":{"title":"Nachhaltige Nutzung - Plastics Europe DE","robots":{"index":"index","follow":"follow","max-snippet":"max-snippet:-1","max-image-preview":"max-image-preview:large","max-video-preview":"max-video-preview:-1"},"canonical":"https:\/\/plasticseurope.org\/de\/nachhaltigkeit\/klima\/nachhaltige-nutzung\/","og_locale":"de_DE","og_type":"article","og_title":"Nachhaltige Nutzung - Plastics Europe DE","og_description":"Kunststoffe im Alltag Kunststoffe sind Teil einer stetig wachsenden Zahl an Innovationen, die nachhaltigere, sicherere, langlebigere und leistungsf\u00e4higere Produkte hervorbringen. Vom Beginn ihres Einsatzes bis zum Ende ihres Lebenszyklus k\u00f6nnen Kunststoff-Anwendungen durch nachhaltige Nutzung sowohl f\u00fcr die Gesellschaft als auch f\u00fcr die Umwelt viele Vorteile bringen. Nachfolgend einige Beispiele, wie Kunststoffe uns das Leben leichter [&hellip;]","og_url":"https:\/\/plasticseurope.org\/de\/nachhaltigkeit\/klima\/nachhaltige-nutzung\/","og_site_name":"Plastics Europe DE","article_modified_time":"2023-08-22T07:41:19+00:00","og_image":[{"width":2560,"height":1707,"url":"https:\/\/plasticseurope.org\/de\/wp-content\/uploads\/sites\/3\/2022\/02\/plastic-fun-toys-happiness-scaled.jpg","type":"image\/jpeg"}],"twitter_card":"summary_large_image","twitter_misc":{"Gesch\u00e4tzte Lesezeit":"7 Minuten"},"schema":{"@context":"https:\/\/schema.org","@graph":[{"@type":"WebPage","@id":"https:\/\/plasticseurope.org\/de\/nachhaltigkeit\/klima\/nachhaltige-nutzung\/","url":"https:\/\/plasticseurope.org\/de\/nachhaltigkeit\/klima\/nachhaltige-nutzung\/","name":"Nachhaltige Nutzung - Plastics Europe DE","isPartOf":{"@id":"https:\/\/plasticseurope.org\/de\/#website"},"datePublished":"2022-02-14T13:32:06+00:00","dateModified":"2023-08-22T07:41:19+00:00","breadcrumb":{"@id":"https:\/\/plasticseurope.org\/de\/nachhaltigkeit\/klima\/nachhaltige-nutzung\/#breadcrumb"},"inLanguage":"de-DE","potentialAction":[{"@type":"ReadAction","target":["https:\/\/plasticseurope.org\/de\/nachhaltigkeit\/klima\/nachhaltige-nutzung\/"]}]},{"@type":"BreadcrumbList","@id":"https:\/\/plasticseurope.org\/de\/nachhaltigkeit\/klima\/nachhaltige-nutzung\/#breadcrumb","itemListElement":[{"@type":"ListItem","position":1,"name":"Home","item":"https:\/\/plasticseurope.org\/de\/"},{"@type":"ListItem","position":2,"name":"Nachhaltigkeit","item":"https:\/\/plasticseurope.org\/de\/nachhaltigkeit\/"},{"@type":"ListItem","position":3,"name":"Klima","item":"https:\/\/plasticseurope.org\/de\/nachhaltigkeit\/klima\/"},{"@type":"ListItem","position":4,"name":"Nachhaltige Nutzung"}]},{"@type":"WebSite","@id":"https:\/\/plasticseurope.org\/de\/#website","url":"https:\/\/plasticseurope.org\/de\/","name":"Plastics Europe DE","description":"Enabling a sustainable future","potentialAction":[{"@type":"SearchAction","target":{"@type":"EntryPoint","urlTemplate":"https:\/\/plasticseurope.org\/de\/?s={search_term_string}"},"query-input":"required name=search_term_string"}],"inLanguage":"de-DE"}]}},"_links":{"self":[{"href":"https:\/\/plasticseurope.org\/de\/wp-json\/wp\/v2\/pages\/1186","targetHints":{"allow":["GET"]}}],"collection":[{"href":"https:\/\/plasticseurope.org\/de\/wp-json\/wp\/v2\/pages"}],"about":[{"href":"https:\/\/plasticseurope.org\/de\/wp-json\/wp\/v2\/types\/page"}],"author":[{"embeddable":true,"href":"https:\/\/plasticseurope.org\/de\/wp-json\/wp\/v2\/users\/1"}],"replies":[{"embeddable":true,"href":"https:\/\/plasticseurope.org\/de\/wp-json\/wp\/v2\/comments?post=1186"}],"version-history":[{"count":0,"href":"https:\/\/plasticseurope.org\/de\/wp-json\/wp\/v2\/pages\/1186\/revisions"}],"up":[{"embeddable":true,"href":"https:\/\/plasticseurope.org\/de\/wp-json\/wp\/v2\/pages\/1181"}],"wp:featuredmedia":[{"embeddable":true,"href":"https:\/\/plasticseurope.org\/de\/wp-json\/wp\/v2\/media\/1007"}],"wp:attachment":[{"href":"https:\/\/plasticseurope.org\/de\/wp-json\/wp\/v2\/media?parent=1186"}],"curies":[{"name":"wp","href":"https:\/\/api.w.org\/{rel}","templated":true}]}}