{"id":1181,"date":"2022-02-14T13:12:35","date_gmt":"2022-02-14T13:12:35","guid":{"rendered":"https:\/\/plasticseurope.wpenginepowered.com\/de\/?page_id=1181"},"modified":"2023-11-08T10:56:31","modified_gmt":"2023-11-08T10:56:31","slug":"klima","status":"publish","type":"page","link":"https:\/\/plasticseurope.org\/de\/nachhaltigkeit\/klima\/","title":{"rendered":"Klima"},"content":{"rendered":"\n<p class=\"has-large-font-size\">Der Klimawandel ist eine der gr\u00f6\u00dften Herausforderungen, vor denen unsere Gesellschaft heute steht. Das Ausma\u00df der Klimakrise erfordert dringend konsequente Ma\u00dfnahmen, wenn wir ihre Auswirkungen mit dem Aufbau einer kohlenstoffarmen Wirtschaft erfolgreich abschw\u00e4chen wollen. Die Kunststoffindustrie steht hinter dem Ziel der Europ\u00e4ischen Union, bis 2050 klimaneutral zu werden, und leistet ihren Beitrag zu den globalen Klimazielen des Pariser Klimaschutz\u00fcbereinkommens.<\/p>\n\n\n\n<div class=\"wp-block-columns is-layout-flex wp-container-core-columns-is-layout-28f84493 wp-block-columns-is-layout-flex\">\n<div class=\"wp-block-column is-layout-flow wp-block-column-is-layout-flow\">\n<p>Deshalb reduzieren wir Schritt f\u00fcr Schritt die Klimaauswirkungen quer durch alle Produktionsprozesse, indem wir diese energie- und ressourceneffizienter gestalten, mehr auf erneuerbare Energien setzen und mehr alternative Rohstoffe aus Abf\u00e4llen und erneuerbaren Ressourcen verwenden. Gleichzeitig entwickeln wir kreative L\u00f6sungen, etwa das Abfangen von CO2 aus der Produktion und Atmosph\u00e4re f\u00fcr die Herstellung neuer Kunststoffe. Zahlreiche Unternehmen der chemischen Industrie testen bereits die Herstellung von CO\u2082-basierten Kunststoffen, erste Anlagen haben zudem bereits die Testphase \u00fcberwunden.<\/p>\n\n\n\n<p>Die Kunststoffindustrie leistet bereits heute einen erheblichen Beitrag zu den Klimazielen Europas. Mit dem Einsatz von Kunststoffen werden die CO\u2082-Emissionen bei den meisten Anwendungen reduziert. So helfen Kunststoffe bei der Verringerung des Energieverbrauchs im Bausektor. Verpackungen aus Kunststoff machen Lebensmittel steriler und haltbarer und reduzieren so die Lebensmittelverschwendung. Mehr noch: Kunststoffe erm\u00f6glichen mit ihren Einsatz in Windturbinen, Photovoltaik-Paneelen und E-Autos auch den \u00dcbergang von fossilen Kraftstoffen zu erneuerbarer Energie.<\/p>\n<\/div>\n\n\n\n<div class=\"wp-block-column is-layout-flow wp-block-column-is-layout-flow\">\n<p class=\"has-sky-color has-text-color has-large-font-size\">Kunststoffe sind essenziel f\u00fcr unsere Zukunft. Bei unserem Engagement als Industrie konzentrieren wir uns gemeinsam mit unseren Partnern in der Wertsch\u00f6pfungskette darauf, dass Kunststoffe weiterhin die dringend gebrauchten gesellschaftlichen Vorteile liefern, ohne sich negativ auf Umwelt und Klima auszuwirken.<\/p>\n<\/div>\n<\/div>\n\n\n\n<div style=\"height:16px\" aria-hidden=\"true\" class=\"wp-block-spacer\"><\/div>\n\n\n\n<h2 class=\"wp-block-heading\">Verwandte Themen<\/h2>\n\n\n\n<div class=\"wp-block-columns is-layout-flex wp-container-core-columns-is-layout-28f84493 wp-block-columns-is-layout-flex\">\n<div class=\"wp-block-column is-layout-flow wp-block-column-is-layout-flow\">\n<figure class=\"wp-block-image size-large\"><a href=\"https:\/\/plasticseurope.org\/de\/nachhaltigkeit\/klima\/nachhaltige-nutzung\/\"><img loading=\"lazy\" decoding=\"async\" width=\"1024\" height=\"683\" src=\"https:\/\/plasticseurope.org\/de\/wp-content\/uploads\/sites\/3\/2022\/02\/shutterstock_food-vacuum-containers1154258650-1024x683.jpg\" alt=\"\" class=\"wp-image-1141\" srcset=\"https:\/\/plasticseurope.org\/de\/wp-content\/uploads\/sites\/3\/2022\/02\/shutterstock_food-vacuum-containers1154258650-1024x683.jpg 1024w, https:\/\/plasticseurope.org\/de\/wp-content\/uploads\/sites\/3\/2022\/02\/shutterstock_food-vacuum-containers1154258650-300x200.jpg 300w, https:\/\/plasticseurope.org\/de\/wp-content\/uploads\/sites\/3\/2022\/02\/shutterstock_food-vacuum-containers1154258650-768x512.jpg 768w, https:\/\/plasticseurope.org\/de\/wp-content\/uploads\/sites\/3\/2022\/02\/shutterstock_food-vacuum-containers1154258650-1536x1024.jpg 1536w, https:\/\/plasticseurope.org\/de\/wp-content\/uploads\/sites\/3\/2022\/02\/shutterstock_food-vacuum-containers1154258650-2048x1365.jpg 2048w\" sizes=\"auto, (max-width: 1024px) 100vw, 1024px\" \/><\/a><\/figure>\n\n\n\n<div style=\"height:16px\" aria-hidden=\"true\" class=\"wp-block-spacer is-style-small\"><\/div>\n\n\n\n<h3 class=\"wp-block-heading\"><a href=\"https:\/\/plasticseurope.org\/de\/nachhaltigkeit\/klima\/nachhaltige-nutzung\/\">Kunststoffe <br>im Alltag<\/a><\/h3>\n<\/div>\n\n\n\n<div class=\"wp-block-column is-layout-flow wp-block-column-is-layout-flow\">\n<figure class=\"wp-block-image size-large\"><a href=\"https:\/\/plasticseurope.org\/de\/nachhaltigkeit\/klima\/kunststoffe-in-der-landwirtschaft\/\"><img loading=\"lazy\" decoding=\"async\" width=\"1024\" height=\"682\" src=\"https:\/\/plasticseurope.org\/de\/wp-content\/uploads\/sites\/3\/2022\/02\/shutterstock_549416545-StrawberryPEtunnel-1024x682.jpg\" alt=\"\" class=\"wp-image-1117\" style=\"aspect-ratio:1.5103244837758112;object-fit:cover\" srcset=\"https:\/\/plasticseurope.org\/de\/wp-content\/uploads\/sites\/3\/2022\/02\/shutterstock_549416545-StrawberryPEtunnel-1024x682.jpg 1024w, https:\/\/plasticseurope.org\/de\/wp-content\/uploads\/sites\/3\/2022\/02\/shutterstock_549416545-StrawberryPEtunnel-300x200.jpg 300w, https:\/\/plasticseurope.org\/de\/wp-content\/uploads\/sites\/3\/2022\/02\/shutterstock_549416545-StrawberryPEtunnel-768x512.jpg 768w, https:\/\/plasticseurope.org\/de\/wp-content\/uploads\/sites\/3\/2022\/02\/shutterstock_549416545-StrawberryPEtunnel-1536x1024.jpg 1536w, https:\/\/plasticseurope.org\/de\/wp-content\/uploads\/sites\/3\/2022\/02\/shutterstock_549416545-StrawberryPEtunnel-2048x1365.jpg 2048w\" sizes=\"auto, (max-width: 1024px) 100vw, 1024px\" \/><\/a><\/figure>\n\n\n\n<div style=\"height:16px\" aria-hidden=\"true\" class=\"wp-block-spacer is-style-small\"><\/div>\n\n\n\n<h3 class=\"wp-block-heading\"><a href=\"https:\/\/plasticseurope.org\/de\/nachhaltigkeit\/klima\/kunststoffe-in-der-landwirtschaft\/\">Kunststoffe in der Landwirtschaft<\/a><\/h3>\n<\/div>\n\n\n\n<div class=\"wp-block-column is-layout-flow wp-block-column-is-layout-flow\">\n<figure class=\"wp-block-image size-large\"><a href=\"https:\/\/plasticseurope.org\/de\/nachhaltigkeit\/klima\/bauwirtschaft\/\"><img loading=\"lazy\" decoding=\"async\" width=\"1024\" height=\"683\" src=\"https:\/\/plasticseurope.org\/de\/wp-content\/uploads\/sites\/3\/2022\/02\/shutterstock_1639068313-inspecting-water-pipes-1024x683.jpg\" alt=\"\" class=\"wp-image-1148\" srcset=\"https:\/\/plasticseurope.org\/de\/wp-content\/uploads\/sites\/3\/2022\/02\/shutterstock_1639068313-inspecting-water-pipes-1024x683.jpg 1024w, https:\/\/plasticseurope.org\/de\/wp-content\/uploads\/sites\/3\/2022\/02\/shutterstock_1639068313-inspecting-water-pipes-300x200.jpg 300w, https:\/\/plasticseurope.org\/de\/wp-content\/uploads\/sites\/3\/2022\/02\/shutterstock_1639068313-inspecting-water-pipes-768x512.jpg 768w, https:\/\/plasticseurope.org\/de\/wp-content\/uploads\/sites\/3\/2022\/02\/shutterstock_1639068313-inspecting-water-pipes-1536x1024.jpg 1536w, https:\/\/plasticseurope.org\/de\/wp-content\/uploads\/sites\/3\/2022\/02\/shutterstock_1639068313-inspecting-water-pipes-2048x1365.jpg 2048w\" sizes=\"auto, (max-width: 1024px) 100vw, 1024px\" \/><\/a><\/figure>\n\n\n\n<div style=\"height:16px\" aria-hidden=\"true\" class=\"wp-block-spacer is-style-small\"><\/div>\n\n\n\n<h3 class=\"wp-block-heading\"><a href=\"https:\/\/plasticseurope.org\/de\/nachhaltigkeit\/klima\/bauwirtschaft\/\">Kunststoffe in der Bauwirtschaft<\/a><\/h3>\n<\/div>\n\n\n\n<div class=\"wp-block-column is-layout-flow wp-block-column-is-layout-flow\">\n<figure class=\"wp-block-image size-large\"><a href=\"https:\/\/plasticseurope.org\/de\/nachhaltigkeit\/klima\/mobilitat\/\"><img loading=\"lazy\" decoding=\"async\" width=\"1024\" height=\"683\" src=\"https:\/\/plasticseurope.org\/de\/wp-content\/uploads\/sites\/3\/2022\/02\/shutterstock_electricCarCharger1812967387-1024x683.jpg\" alt=\"\" class=\"wp-image-1099\" srcset=\"https:\/\/plasticseurope.org\/de\/wp-content\/uploads\/sites\/3\/2022\/02\/shutterstock_electricCarCharger1812967387-1024x683.jpg 1024w, https:\/\/plasticseurope.org\/de\/wp-content\/uploads\/sites\/3\/2022\/02\/shutterstock_electricCarCharger1812967387-300x200.jpg 300w, https:\/\/plasticseurope.org\/de\/wp-content\/uploads\/sites\/3\/2022\/02\/shutterstock_electricCarCharger1812967387-768x512.jpg 768w, https:\/\/plasticseurope.org\/de\/wp-content\/uploads\/sites\/3\/2022\/02\/shutterstock_electricCarCharger1812967387-1536x1024.jpg 1536w, https:\/\/plasticseurope.org\/de\/wp-content\/uploads\/sites\/3\/2022\/02\/shutterstock_electricCarCharger1812967387-2048x1365.jpg 2048w\" sizes=\"auto, (max-width: 1024px) 100vw, 1024px\" \/><\/a><\/figure>\n\n\n\n<div style=\"height:16px\" aria-hidden=\"true\" class=\"wp-block-spacer is-style-small\"><\/div>\n\n\n\n<h3 class=\"wp-block-heading\"><a href=\"https:\/\/plasticseurope.org\/de\/nachhaltigkeit\/klima\/mobilitat\/\">Kunststoffe f\u00fcr Mobilit\u00e4t und Transport<\/a><\/h3>\n<\/div>\n<\/div>\n\n\n\n<div id=\"explore-block_a938e6aadd30a406859841e911b82696\" class=\"explore-further\">\n  <div class=\"flex flex-col bg-mist-900 rounded-md mt-8 md:mt-28 md:w-1\/2 md:mr-auto\">\n    <div class=\"flex-1 relative p-6 md:px-10 md:py-8\">\n      <div class=\"absolute top-0 left-0 p-5 inline-block transform -translate-x-1\/2 -translate-y-1\/2\">\n      <\/div>\n      \n\n<h3 class=\"wp-block-heading\" id=\"further-reading\">Weiterlesen<\/h3>\n\n\n\n<p><a href=\"https:\/\/plasticseurope.org\/wp-content\/uploads\/2021\/10\/View_paper_EU_climate_neutrality_final.pdf\" target=\"_blank\" rel=\"noreferrer noopener\">Plastics Europe\u2019s views on EU Climate NeutraPlastics Europe\u2019s views on EU Climate Neutrality<\/a><\/p>\n\n\n\n<p><a href=\"https:\/\/ec.europa.eu\/info\/strategy\/priorities-2019-2024\/european-green-deal_en\">Europ\u00e4ischer Gr\u00fcner Deal<\/a><\/p>\n\n\n\n<p><a href=\"https:\/\/ec.europa.eu\/clima\/eu-action\/international-action-climate-change\/climate-negotiations\/paris-agreement_en\" target=\"_blank\" rel=\"noreferrer noopener\">\u00dcbereinkommen von Paris<\/a><\/p>\n\n\n    <\/div>\n  <\/div>\n<\/div>\n\n\n\n<div style=\"height:16px\" aria-hidden=\"true\" class=\"wp-block-spacer\"><\/div>\n","protected":false},"excerpt":{"rendered":"<p>Der Klimawandel ist eine der gr\u00f6\u00dften Herausforderungen, vor denen unsere Gesellschaft heute steht. Das Ausma\u00df der Klimakrise erfordert dringend konsequente Ma\u00dfnahmen, wenn wir ihre Auswirkungen mit dem Aufbau einer kohlenstoffarmen Wirtschaft erfolgreich abschw\u00e4chen wollen. Die Kunststoffindustrie steht hinter dem Ziel der Europ\u00e4ischen Union, bis 2050 klimaneutral zu werden, und leistet ihren Beitrag zu den globalen [&hellip;]<\/p>\n","protected":false},"author":1,"featured_media":1086,"parent":52,"menu_order":0,"comment_status":"closed","ping_status":"closed","template":"","meta":{"footnotes":""},"class_list":["post-1181","page","type-page","status-publish","has-post-thumbnail","hentry"],"acf":[],"yoast_head":"<!-- This site is optimized with the Yoast SEO plugin v21.6 - https:\/\/yoast.com\/wordpress\/plugins\/seo\/ -->\n<title>Klima - Plastics Europe DE<\/title>\n<meta name=\"robots\" content=\"index, follow, max-snippet:-1, max-image-preview:large, max-video-preview:-1\" \/>\n<link rel=\"canonical\" href=\"https:\/\/plasticseurope.org\/de\/nachhaltigkeit\/klima\/\" \/>\n<meta property=\"og:locale\" content=\"de_DE\" \/>\n<meta property=\"og:type\" content=\"article\" \/>\n<meta property=\"og:title\" content=\"Klima - Plastics Europe DE\" \/>\n<meta property=\"og:description\" content=\"Der Klimawandel ist eine der gr\u00f6\u00dften Herausforderungen, vor denen unsere Gesellschaft heute steht. Das Ausma\u00df der Klimakrise erfordert dringend konsequente Ma\u00dfnahmen, wenn wir ihre Auswirkungen mit dem Aufbau einer kohlenstoffarmen Wirtschaft erfolgreich abschw\u00e4chen wollen. Die Kunststoffindustrie steht hinter dem Ziel der Europ\u00e4ischen Union, bis 2050 klimaneutral zu werden, und leistet ihren Beitrag zu den globalen [&hellip;]\" \/>\n<meta property=\"og:url\" content=\"https:\/\/plasticseurope.org\/de\/nachhaltigkeit\/klima\/\" \/>\n<meta property=\"og:site_name\" content=\"Plastics Europe DE\" \/>\n<meta property=\"article:modified_time\" content=\"2023-11-08T10:56:31+00:00\" \/>\n<meta property=\"og:image\" content=\"https:\/\/plasticseurope.org\/de\/wp-content\/uploads\/sites\/3\/2022\/02\/plastics-wind-farm-renewable-energy-scaled.jpg\" \/>\n\t<meta property=\"og:image:width\" content=\"2560\" \/>\n\t<meta property=\"og:image:height\" content=\"1707\" \/>\n\t<meta property=\"og:image:type\" content=\"image\/jpeg\" \/>\n<meta name=\"twitter:card\" content=\"summary_large_image\" \/>\n<meta name=\"twitter:label1\" content=\"Gesch\u00e4tzte Lesezeit\" \/>\n\t<meta name=\"twitter:data1\" content=\"3 Minuten\" \/>\n<script type=\"application\/ld+json\" class=\"yoast-schema-graph\">{\"@context\":\"https:\/\/schema.org\",\"@graph\":[{\"@type\":\"WebPage\",\"@id\":\"https:\/\/plasticseurope.org\/de\/nachhaltigkeit\/klima\/\",\"url\":\"https:\/\/plasticseurope.org\/de\/nachhaltigkeit\/klima\/\",\"name\":\"Klima - Plastics Europe DE\",\"isPartOf\":{\"@id\":\"https:\/\/plasticseurope.org\/de\/#website\"},\"datePublished\":\"2022-02-14T13:12:35+00:00\",\"dateModified\":\"2023-11-08T10:56:31+00:00\",\"breadcrumb\":{\"@id\":\"https:\/\/plasticseurope.org\/de\/nachhaltigkeit\/klima\/#breadcrumb\"},\"inLanguage\":\"de-DE\",\"potentialAction\":[{\"@type\":\"ReadAction\",\"target\":[\"https:\/\/plasticseurope.org\/de\/nachhaltigkeit\/klima\/\"]}]},{\"@type\":\"BreadcrumbList\",\"@id\":\"https:\/\/plasticseurope.org\/de\/nachhaltigkeit\/klima\/#breadcrumb\",\"itemListElement\":[{\"@type\":\"ListItem\",\"position\":1,\"name\":\"Home\",\"item\":\"https:\/\/plasticseurope.org\/de\/\"},{\"@type\":\"ListItem\",\"position\":2,\"name\":\"Nachhaltigkeit\",\"item\":\"https:\/\/plasticseurope.org\/de\/nachhaltigkeit\/\"},{\"@type\":\"ListItem\",\"position\":3,\"name\":\"Klima\"}]},{\"@type\":\"WebSite\",\"@id\":\"https:\/\/plasticseurope.org\/de\/#website\",\"url\":\"https:\/\/plasticseurope.org\/de\/\",\"name\":\"Plastics Europe DE\",\"description\":\"Enabling a sustainable future\",\"potentialAction\":[{\"@type\":\"SearchAction\",\"target\":{\"@type\":\"EntryPoint\",\"urlTemplate\":\"https:\/\/plasticseurope.org\/de\/?s={search_term_string}\"},\"query-input\":\"required name=search_term_string\"}],\"inLanguage\":\"de-DE\"}]}<\/script>\n<!-- \/ Yoast SEO plugin. -->","yoast_head_json":{"title":"Klima - Plastics Europe DE","robots":{"index":"index","follow":"follow","max-snippet":"max-snippet:-1","max-image-preview":"max-image-preview:large","max-video-preview":"max-video-preview:-1"},"canonical":"https:\/\/plasticseurope.org\/de\/nachhaltigkeit\/klima\/","og_locale":"de_DE","og_type":"article","og_title":"Klima - Plastics Europe DE","og_description":"Der Klimawandel ist eine der gr\u00f6\u00dften Herausforderungen, vor denen unsere Gesellschaft heute steht. Das Ausma\u00df der Klimakrise erfordert dringend konsequente Ma\u00dfnahmen, wenn wir ihre Auswirkungen mit dem Aufbau einer kohlenstoffarmen Wirtschaft erfolgreich abschw\u00e4chen wollen. Die Kunststoffindustrie steht hinter dem Ziel der Europ\u00e4ischen Union, bis 2050 klimaneutral zu werden, und leistet ihren Beitrag zu den globalen [&hellip;]","og_url":"https:\/\/plasticseurope.org\/de\/nachhaltigkeit\/klima\/","og_site_name":"Plastics Europe DE","article_modified_time":"2023-11-08T10:56:31+00:00","og_image":[{"width":2560,"height":1707,"url":"https:\/\/plasticseurope.org\/de\/wp-content\/uploads\/sites\/3\/2022\/02\/plastics-wind-farm-renewable-energy-scaled.jpg","type":"image\/jpeg"}],"twitter_card":"summary_large_image","twitter_misc":{"Gesch\u00e4tzte Lesezeit":"3 Minuten"},"schema":{"@context":"https:\/\/schema.org","@graph":[{"@type":"WebPage","@id":"https:\/\/plasticseurope.org\/de\/nachhaltigkeit\/klima\/","url":"https:\/\/plasticseurope.org\/de\/nachhaltigkeit\/klima\/","name":"Klima - Plastics Europe DE","isPartOf":{"@id":"https:\/\/plasticseurope.org\/de\/#website"},"datePublished":"2022-02-14T13:12:35+00:00","dateModified":"2023-11-08T10:56:31+00:00","breadcrumb":{"@id":"https:\/\/plasticseurope.org\/de\/nachhaltigkeit\/klima\/#breadcrumb"},"inLanguage":"de-DE","potentialAction":[{"@type":"ReadAction","target":["https:\/\/plasticseurope.org\/de\/nachhaltigkeit\/klima\/"]}]},{"@type":"BreadcrumbList","@id":"https:\/\/plasticseurope.org\/de\/nachhaltigkeit\/klima\/#breadcrumb","itemListElement":[{"@type":"ListItem","position":1,"name":"Home","item":"https:\/\/plasticseurope.org\/de\/"},{"@type":"ListItem","position":2,"name":"Nachhaltigkeit","item":"https:\/\/plasticseurope.org\/de\/nachhaltigkeit\/"},{"@type":"ListItem","position":3,"name":"Klima"}]},{"@type":"WebSite","@id":"https:\/\/plasticseurope.org\/de\/#website","url":"https:\/\/plasticseurope.org\/de\/","name":"Plastics Europe DE","description":"Enabling a sustainable future","potentialAction":[{"@type":"SearchAction","target":{"@type":"EntryPoint","urlTemplate":"https:\/\/plasticseurope.org\/de\/?s={search_term_string}"},"query-input":"required name=search_term_string"}],"inLanguage":"de-DE"}]}},"_links":{"self":[{"href":"https:\/\/plasticseurope.org\/de\/wp-json\/wp\/v2\/pages\/1181","targetHints":{"allow":["GET"]}}],"collection":[{"href":"https:\/\/plasticseurope.org\/de\/wp-json\/wp\/v2\/pages"}],"about":[{"href":"https:\/\/plasticseurope.org\/de\/wp-json\/wp\/v2\/types\/page"}],"author":[{"embeddable":true,"href":"https:\/\/plasticseurope.org\/de\/wp-json\/wp\/v2\/users\/1"}],"replies":[{"embeddable":true,"href":"https:\/\/plasticseurope.org\/de\/wp-json\/wp\/v2\/comments?post=1181"}],"version-history":[{"count":0,"href":"https:\/\/plasticseurope.org\/de\/wp-json\/wp\/v2\/pages\/1181\/revisions"}],"up":[{"embeddable":true,"href":"https:\/\/plasticseurope.org\/de\/wp-json\/wp\/v2\/pages\/52"}],"wp:featuredmedia":[{"embeddable":true,"href":"https:\/\/plasticseurope.org\/de\/wp-json\/wp\/v2\/media\/1086"}],"wp:attachment":[{"href":"https:\/\/plasticseurope.org\/de\/wp-json\/wp\/v2\/media?parent=1181"}],"curies":[{"name":"wp","href":"https:\/\/api.w.org\/{rel}","templated":true}]}}